{"id":4095,"date":"2024-05-15T13:18:37","date_gmt":"2024-05-15T13:18:37","guid":{"rendered":"https:\/\/c487eefeea.nxcli.io\/mexico\/?post_type=product&#038;p=4095"},"modified":"2024-09-06T06:48:28","modified_gmt":"2024-09-06T06:48:28","slug":"energizer-hearing-aid-batteries-675","status":"publish","type":"product","link":"https:\/\/energizer.com\/lat\/mexico\/product\/energizer-hearing-aid-batteries-675\/","title":{"rendered":"ENERGIZER\u00ae HEARING AID BATTERIES \u2013 675"},"content":{"rendered":"<ul>\n<li>Pilas Energizer 675 para aud\u00edfonos, leng\u00fceta azul<\/li>\n<li>La m\u00e1s larga duraci\u00f3n: Estas pilas 675 para aud\u00edfonos las m\u00e1s duraderas de Energizer son adecuadas para una gran variedad de dispositivos auditivos<\/li>\n<li>Energ\u00eda confiable: Cada bater\u00eda Energizer 675 mantiene la energ\u00eda hasta 4 a\u00f1os en almacenamiento, por lo que siempre est\u00e1n listas cuando las necesita<\/li>\n<li>Pr\u00e1ctico: El empaque mantiene las bater\u00edas de sus aud\u00edfonos de zinc-aire protegidas y en su lugar, y las leng\u00fcetas largas y coloreadas de las bater\u00edas hacen que sean f\u00e1ciles de manejar<\/li>\n<li>Innovaci\u00f3n de Energizer: De los fabricantes de la primera bater\u00eda para aud\u00edfonos sin mercurio disponible en el mercado<\/li>\n<\/ul>\n","protected":false},"excerpt":{"rendered":"<p>Aproveche al m\u00e1ximo su aud\u00edfono con la potencia confiable de las pilas para aud\u00edfonos Energizer 675. Estas pilas Energizer 675 de leng\u00fceta azul ofrecen una calidad de sonido constante durante toda su vida \u00fatil para una mejor experiencia auditiva. El embalaje perforado de primera calidad es discreto y port\u00e1til. Solo tiene que girar el dial de doble cara para acceder a la pila, instalarla en su aparato utilizando sus pr\u00e1cticas leng\u00fcetas largas y cerrar la tapa de la pila para mantener el resto de pilas adentro de forma segura. La gama de aud\u00edfonos Energizer tambi\u00e9n incluye bater\u00edas modelo 13, 10 y 312, por lo que es f\u00e1cil encontrar energ\u00eda confiable en el tama\u00f1o que necesita.<\/p>\n","protected":false},"featured_media":0,"comment_status":"open","ping_status":"closed","template":"","meta":{"_acf_changed":false},"product_brand":[],"product_cat":[32],"product_tag":[],"class_list":{"0":"post-4095","1":"product","2":"type-product","3":"status-publish","5":"product_cat-hearing-aid","7":"first","8":"instock","9":"shipping-taxable","10":"product-type-simple"},"acf":[],"_links":{"self":[{"href":"https:\/\/energizer.com\/lat\/mexico\/wp-json\/wp\/v2\/product\/4095","targetHints":{"allow":["GET"]}}],"collection":[{"href":"https:\/\/energizer.com\/lat\/mexico\/wp-json\/wp\/v2\/product"}],"about":[{"href":"https:\/\/energizer.com\/lat\/mexico\/wp-json\/wp\/v2\/types\/product"}],"replies":[{"embeddable":true,"href":"https:\/\/energizer.com\/lat\/mexico\/wp-json\/wp\/v2\/comments?post=4095"}],"version-history":[{"count":11,"href":"https:\/\/energizer.com\/lat\/mexico\/wp-json\/wp\/v2\/product\/4095\/revisions"}],"predecessor-version":[{"id":9860,"href":"https:\/\/energizer.com\/lat\/mexico\/wp-json\/wp\/v2\/product\/4095\/revisions\/9860"}],"wp:attachment":[{"href":"https:\/\/energizer.com\/lat\/mexico\/wp-json\/wp\/v2\/media?parent=4095"}],"wp:term":[{"taxonomy":"product_brand","embeddable":true,"href":"https:\/\/energizer.com\/lat\/mexico\/wp-json\/wp\/v2\/product_brand?post=4095"},{"taxonomy":"product_cat","embeddable":true,"href":"https:\/\/energizer.com\/lat\/mexico\/wp-json\/wp\/v2\/product_cat?post=4095"},{"taxonomy":"product_tag","embeddable":true,"href":"https:\/\/energizer.com\/lat\/mexico\/wp-json\/wp\/v2\/product_tag?post=4095"}],"curies":[{"name":"wp","href":"https:\/\/api.w.org\/{rel}","templated":true}]}}