{"id":4101,"date":"2024-05-15T13:23:08","date_gmt":"2024-05-15T13:23:08","guid":{"rendered":"https:\/\/c487eefeea.nxcli.io\/mexico\/?post_type=product&#038;p=4101"},"modified":"2024-10-17T09:46:55","modified_gmt":"2024-10-17T09:46:55","slug":"energizer-hearing-aid-batteries-10","status":"publish","type":"product","link":"https:\/\/energizer.com\/lat\/mexico\/product\/energizer-hearing-aid-batteries-10\/","title":{"rendered":"ENERGIZER\u00ae HEARING AID BATTERIES \u2013 10"},"content":{"rendered":"<ul>\n<li>Pilas para aud\u00edfonos Energizer tama\u00f1o 10, leng\u00fceta amarilla<\/li>\n<li>M\u00e1s duradero: Estas pilas tama\u00f1o 10 para aud\u00edfonos son las m\u00e1s duraderas de Energizer y son adecuadas para una gran variedad de dispositivos auditivos<\/li>\n<li>Energ\u00eda confiable: Las pilas para aud\u00edfonos Energizer de tama\u00f1o 10 ofrecen hasta 3.5 horas m\u00e1s de transmisi\u00f3n inal\u00e1mbrica que el principal competidor<\/li>\n<li>Confiable: Cada pila Energizer 10 mantiene su carga por hasta 4 a\u00f1os en almacenamiento, por lo que siempre estar\u00e1n listas cuando las necesite<\/li>\n<li>Innovaci\u00f3n de Energizer: De los creadores de la primera pila para aud\u00edfonos sin mercurio disponible comercialmente en el mundo<\/li>\n<\/ul>\n","protected":false},"excerpt":{"rendered":"<p>Aproveche al m\u00e1ximo su dispositivo auditivo con la potencia confiable de las bater\u00edas para aud\u00edfonos Energizer de tama\u00f1o 10. Las bater\u00edas de larga duraci\u00f3n para aud\u00edfonos Energizer de tama\u00f1o 10 brindan hasta 3.5 horas m\u00e1s de transmisi\u00f3n inal\u00e1mbrica que el competidor l\u00edder. Cada pila Energizer de leng\u00fceta amarilla de tama\u00f1o 10 ofrece una calidad de sonido constante a lo largo de su vida \u00fatil para una mejor experiencia auditiva. El embalaje de las bater\u00edas perforadas de primera calidad para aud\u00edfonos es discreto y port\u00e1til. Solo tiene que girar el dial de doble cara para acceder a la pila, colocarla en su aparato utilizando sus pr\u00e1cticas leng\u00fcetas largas y cerrar la tapa de la pila para mantener el resto de pilas adentro de forma segura.<\/p>\n","protected":false},"featured_media":0,"comment_status":"open","ping_status":"closed","template":"","meta":{"_acf_changed":false},"product_brand":[],"product_cat":[32],"product_tag":[],"class_list":{"0":"post-4101","1":"product","2":"type-product","3":"status-publish","5":"product_cat-hearing-aid","7":"first","8":"instock","9":"shipping-taxable","10":"product-type-simple"},"acf":[],"_links":{"self":[{"href":"https:\/\/energizer.com\/lat\/mexico\/wp-json\/wp\/v2\/product\/4101","targetHints":{"allow":["GET"]}}],"collection":[{"href":"https:\/\/energizer.com\/lat\/mexico\/wp-json\/wp\/v2\/product"}],"about":[{"href":"https:\/\/energizer.com\/lat\/mexico\/wp-json\/wp\/v2\/types\/product"}],"replies":[{"embeddable":true,"href":"https:\/\/energizer.com\/lat\/mexico\/wp-json\/wp\/v2\/comments?post=4101"}],"version-history":[{"count":15,"href":"https:\/\/energizer.com\/lat\/mexico\/wp-json\/wp\/v2\/product\/4101\/revisions"}],"predecessor-version":[{"id":10361,"href":"https:\/\/energizer.com\/lat\/mexico\/wp-json\/wp\/v2\/product\/4101\/revisions\/10361"}],"wp:attachment":[{"href":"https:\/\/energizer.com\/lat\/mexico\/wp-json\/wp\/v2\/media?parent=4101"}],"wp:term":[{"taxonomy":"product_brand","embeddable":true,"href":"https:\/\/energizer.com\/lat\/mexico\/wp-json\/wp\/v2\/product_brand?post=4101"},{"taxonomy":"product_cat","embeddable":true,"href":"https:\/\/energizer.com\/lat\/mexico\/wp-json\/wp\/v2\/product_cat?post=4101"},{"taxonomy":"product_tag","embeddable":true,"href":"https:\/\/energizer.com\/lat\/mexico\/wp-json\/wp\/v2\/product_tag?post=4101"}],"curies":[{"name":"wp","href":"https:\/\/api.w.org\/{rel}","templated":true}]}}