{"id":4200,"date":"2024-05-16T07:11:38","date_gmt":"2024-05-16T07:11:38","guid":{"rendered":"https:\/\/c487eefeea.nxcli.io\/mexico\/?post_type=product&#038;p=4200"},"modified":"2024-08-13T06:30:10","modified_gmt":"2024-08-13T06:30:10","slug":"energizer-electronic-batteries-cr1616","status":"publish","type":"product","link":"https:\/\/energizer.com\/lat\/mexico\/product\/energizer-electronic-batteries-cr1616\/","title":{"rendered":"ENERGIZER\u00ae ELECTRONIC BATTERIES \u2013 CR1616"},"content":{"rendered":"<ul>\n<li>Bater\u00eda de litio Energizer 1616 de bot\u00f3n<\/li>\n<li>Ofrece un rendimiento duradero y fiable en dispositivos especializados como monitores de frecuencia card\u00edaca, controles remotos, sistemas de entrada sin llave, monitores de glucosa, juguetes y juegos<\/li>\n<li>Mantiene la energ\u00eda hasta 10 a\u00f1os en almacenamiento, lo que garantiza que tenga Bater\u00edas de litio Energizer 1616 de bot\u00f3n listas cuando las necesite<\/li>\n<li>Tama\u00f1o de la celda: 1616; IEC: CR1616; Tipo: Moneda de litio; Voltio: 3<\/li>\n<li>Reemplazo para: L20, 280-209, DL1616 y 5021LC<\/li>\n<li>Estas bater\u00edas de litio pueden soportar un amplio rango de temperaturas, desde -30\u00ba a 60\u00ba C<\/li>\n<\/ul>\n","protected":false},"excerpt":{"rendered":"<p>No te dejes enga\u00f1ar por su peque\u00f1o tama\u00f1o: Esta bater\u00eda de bot\u00f3n de litio Energizer 1616 de 3 voltios ofrece una gran potencia confiable y duradera para sus art\u00edculos alimentados por bater\u00edas de bot\u00f3n. Desde monitores de frecuencia card\u00edaca o glucosa hasta controles remotos, sistemas de entrada sin llave, llaveros, relojes, juguetes y juegos, e incluso dispositivos m\u00e1s especializados, nuestras bater\u00edas tipo bot\u00f3n son compatibles con los dispositivos que se adaptan a su vida, para que pueda seguir adelante.<\/p>\n","protected":false},"featured_media":0,"comment_status":"open","ping_status":"closed","template":"","meta":{"_acf_changed":false},"product_brand":[],"product_cat":[58],"product_tag":[],"class_list":{"0":"post-4200","1":"product","2":"type-product","3":"status-publish","5":"product_cat-specialty","7":"first","8":"instock","9":"shipping-taxable","10":"product-type-simple"},"acf":[],"_links":{"self":[{"href":"https:\/\/energizer.com\/lat\/mexico\/wp-json\/wp\/v2\/product\/4200","targetHints":{"allow":["GET"]}}],"collection":[{"href":"https:\/\/energizer.com\/lat\/mexico\/wp-json\/wp\/v2\/product"}],"about":[{"href":"https:\/\/energizer.com\/lat\/mexico\/wp-json\/wp\/v2\/types\/product"}],"replies":[{"embeddable":true,"href":"https:\/\/energizer.com\/lat\/mexico\/wp-json\/wp\/v2\/comments?post=4200"}],"version-history":[{"count":11,"href":"https:\/\/energizer.com\/lat\/mexico\/wp-json\/wp\/v2\/product\/4200\/revisions"}],"predecessor-version":[{"id":9849,"href":"https:\/\/energizer.com\/lat\/mexico\/wp-json\/wp\/v2\/product\/4200\/revisions\/9849"}],"wp:attachment":[{"href":"https:\/\/energizer.com\/lat\/mexico\/wp-json\/wp\/v2\/media?parent=4200"}],"wp:term":[{"taxonomy":"product_brand","embeddable":true,"href":"https:\/\/energizer.com\/lat\/mexico\/wp-json\/wp\/v2\/product_brand?post=4200"},{"taxonomy":"product_cat","embeddable":true,"href":"https:\/\/energizer.com\/lat\/mexico\/wp-json\/wp\/v2\/product_cat?post=4200"},{"taxonomy":"product_tag","embeddable":true,"href":"https:\/\/energizer.com\/lat\/mexico\/wp-json\/wp\/v2\/product_tag?post=4200"}],"curies":[{"name":"wp","href":"https:\/\/api.w.org\/{rel}","templated":true}]}}