{"id":4718,"date":"2024-05-17T08:38:28","date_gmt":"2024-05-17T08:38:28","guid":{"rendered":"https:\/\/c487eefeea.nxcli.io\/mexico\/?post_type=product&#038;p=4718"},"modified":"2025-01-13T04:28:35","modified_gmt":"2025-01-13T04:28:35","slug":"energizer-maxi-charger","status":"publish","type":"product","link":"https:\/\/energizer.com\/lat\/mexico\/product\/energizer-maxi-charger\/","title":{"rendered":"CARGADOR ENERGIZER\u00ae MAXI"},"content":{"rendered":"<ul>\n<li>Carga 2 o 4 pilas recargables AA o AAA NiMH a la vez (4 pilas AA incluidas)<\/li>\n<li>Ofrece una carga completa en 5 horas*<\/li>\n<li>La pantalla LED grande y f\u00e1cil de leer muestra el estado de carga (rojo = cargando, verde = listo para usar)<\/li>\n<li>La funci\u00f3n Delta V apaga la carga para proteger las bater\u00edas contra la sobrecarga<\/li>\n<li>Compatible con todas las bater\u00edas recargables AAA o AA NiMH (se recomiendan bater\u00edas Energizer Recharge)<\/li>\n<li>La marca de recarga n\u00famero uno del mundo (seg\u00fan datos de estudios de mercado)<\/li>\n<\/ul>\n","protected":false},"excerpt":{"rendered":"<p>Mantenga la energ\u00eda que necesita a mano con la comodidad del cargador Energizer Recharge Maxi. Este pr\u00e1ctico dispositivo carga 2 o 4 pilas AA o AAA NiMH en 5 horas.* Y es f\u00e1cil de usar: Tome el dispositivo, con\u00e9ctelo a la pared y obtenga energ\u00eda de bater\u00eda completamente cargada cuando la necesite. La pantalla indicadora del cargador se ilumina en verde cuando tiene una carga completa. Si inserta una bater\u00eda no recargable o defectuosa, la pantalla parpadea para notificarle. Perfecto para los dispositivos m\u00e1s utilizados, como controles remotos, mouses de computadora e incluso controles de videojuegos&#8230; Maximice el rendimiento de la bater\u00eda con la potencia de carga de Energizer, la marca de recarga n\u00famero uno del mundo (seg\u00fan datos de estudios de mercado).<\/p>\n","protected":false},"featured_media":0,"comment_status":"open","ping_status":"closed","template":"","meta":{"_acf_changed":false},"product_brand":[],"product_cat":[82],"product_tag":[],"class_list":{"0":"post-4718","1":"product","2":"type-product","3":"status-publish","5":"product_cat-recharge-battery-chargers","7":"first","8":"instock","9":"shipping-taxable","10":"product-type-simple"},"acf":[],"_links":{"self":[{"href":"https:\/\/energizer.com\/lat\/mexico\/wp-json\/wp\/v2\/product\/4718","targetHints":{"allow":["GET"]}}],"collection":[{"href":"https:\/\/energizer.com\/lat\/mexico\/wp-json\/wp\/v2\/product"}],"about":[{"href":"https:\/\/energizer.com\/lat\/mexico\/wp-json\/wp\/v2\/types\/product"}],"replies":[{"embeddable":true,"href":"https:\/\/energizer.com\/lat\/mexico\/wp-json\/wp\/v2\/comments?post=4718"}],"version-history":[{"count":8,"href":"https:\/\/energizer.com\/lat\/mexico\/wp-json\/wp\/v2\/product\/4718\/revisions"}],"predecessor-version":[{"id":10470,"href":"https:\/\/energizer.com\/lat\/mexico\/wp-json\/wp\/v2\/product\/4718\/revisions\/10470"}],"wp:attachment":[{"href":"https:\/\/energizer.com\/lat\/mexico\/wp-json\/wp\/v2\/media?parent=4718"}],"wp:term":[{"taxonomy":"product_brand","embeddable":true,"href":"https:\/\/energizer.com\/lat\/mexico\/wp-json\/wp\/v2\/product_brand?post=4718"},{"taxonomy":"product_cat","embeddable":true,"href":"https:\/\/energizer.com\/lat\/mexico\/wp-json\/wp\/v2\/product_cat?post=4718"},{"taxonomy":"product_tag","embeddable":true,"href":"https:\/\/energizer.com\/lat\/mexico\/wp-json\/wp\/v2\/product_tag?post=4718"}],"curies":[{"name":"wp","href":"https:\/\/api.w.org\/{rel}","templated":true}]}}