{"id":5220,"date":"2024-05-21T18:45:18","date_gmt":"2024-05-21T18:45:18","guid":{"rendered":"https:\/\/c487eefeea.nxcli.io\/mexico\/?post_type=product&#038;p=5220"},"modified":"2024-08-06T07:03:59","modified_gmt":"2024-08-06T07:03:59","slug":"energizer-booklight","status":"publish","type":"product","link":"https:\/\/energizer.com\/lat\/mexico\/product\/energizer-booklight\/","title":{"rendered":"Energizer Booklight"},"content":{"rendered":"<ul>\n<li>Pr\u00e1ctica, compacta y port\u00e1til, la luz de lectura funciona con 2 bater\u00edas Energizer\u00ae CR2032 (incluidas)<\/li>\n<li>Recrea condiciones de lectura naturales con tecnolog\u00eda LED avanzada<\/li>\n<li>El dise\u00f1o compacto con cuello flexible y plegable y clip incorporado la convierten en un compa\u00f1ero o copiloto perfecto para viajar o acampar<\/li>\n<li>Ofrece un haz de luz lo suficientemente ancho como para ver, pero lo suficientemente estrecho para mantener la privacidad<\/li>\n<li>Tiene un tiempo de ejecuci\u00f3n de hasta 25 horas, perfecta para aquellos libros que simplemente no puedes dejar<\/li>\n<li>Se sujeta a libros, tabletas, visores de autom\u00f3viles o cualquier otra superficie que tenga un grosor de 0,5 pulgadas (13 mm)<\/li>\n<li>Un peque\u00f1o regalo perfecto para estudiantes, mec\u00e1nicos de autom\u00f3viles, pilotos, maestros y m\u00e1s<\/li>\n<\/ul>\n","protected":false},"excerpt":{"rendered":"<p>La luz de lectura Energizer\u00ae emite una luz LED blanca c\u00e1lida con un contraste superior para condiciones \u00f3ptimas de lectura u otras tareas cercanas. El dise\u00f1o exclusivo del haz ofrece una iluminaci\u00f3n amplia y, al mismo tiempo, es lo suficientemente estrecha como para no molestar a nadie cerca de usted. Olv\u00eddese de cargar con una linterna, esta luz de lectura es pr\u00e1ctica para viajes: su cuello flexible y su tama\u00f1o compacto caben en su bolsillo, mochila o bolso sin problemas. Simplemente coloque la luz de lectura en un libro, carpeta, tableta, eReader, visor de autom\u00f3vil o cualquier otra superficie que tenga un grosor de hasta 13 mm. Busque ahora la luz de lectura LED Energizer\u00ae y deje de leer esto, para que pueda comenzar a leer en todas partes.<\/p>\n","protected":false},"featured_media":0,"comment_status":"open","ping_status":"closed","template":"","meta":{"_acf_changed":false},"product_brand":[],"product_cat":[43],"product_tag":[],"class_list":{"0":"post-5220","1":"product","2":"type-product","3":"status-publish","5":"product_cat-hands-free","7":"first","8":"instock","9":"shipping-taxable","10":"product-type-simple"},"acf":[],"_links":{"self":[{"href":"https:\/\/energizer.com\/lat\/mexico\/wp-json\/wp\/v2\/product\/5220","targetHints":{"allow":["GET"]}}],"collection":[{"href":"https:\/\/energizer.com\/lat\/mexico\/wp-json\/wp\/v2\/product"}],"about":[{"href":"https:\/\/energizer.com\/lat\/mexico\/wp-json\/wp\/v2\/types\/product"}],"replies":[{"embeddable":true,"href":"https:\/\/energizer.com\/lat\/mexico\/wp-json\/wp\/v2\/comments?post=5220"}],"version-history":[{"count":7,"href":"https:\/\/energizer.com\/lat\/mexico\/wp-json\/wp\/v2\/product\/5220\/revisions"}],"predecessor-version":[{"id":9702,"href":"https:\/\/energizer.com\/lat\/mexico\/wp-json\/wp\/v2\/product\/5220\/revisions\/9702"}],"wp:attachment":[{"href":"https:\/\/energizer.com\/lat\/mexico\/wp-json\/wp\/v2\/media?parent=5220"}],"wp:term":[{"taxonomy":"product_brand","embeddable":true,"href":"https:\/\/energizer.com\/lat\/mexico\/wp-json\/wp\/v2\/product_brand?post=5220"},{"taxonomy":"product_cat","embeddable":true,"href":"https:\/\/energizer.com\/lat\/mexico\/wp-json\/wp\/v2\/product_cat?post=5220"},{"taxonomy":"product_tag","embeddable":true,"href":"https:\/\/energizer.com\/lat\/mexico\/wp-json\/wp\/v2\/product_tag?post=5220"}],"curies":[{"name":"wp","href":"https:\/\/api.w.org\/{rel}","templated":true}]}}