{"id":5231,"date":"2024-05-21T19:11:41","date_gmt":"2024-05-21T19:11:41","guid":{"rendered":"https:\/\/c487eefeea.nxcli.io\/mexico\/?post_type=product&#038;p=5231"},"modified":"2024-08-06T07:07:14","modified_gmt":"2024-08-06T07:07:14","slug":"energizer-touch-tech-handheld","status":"publish","type":"product","link":"https:\/\/energizer.com\/lat\/mexico\/product\/energizer-touch-tech-handheld\/","title":{"rendered":"Energizer Touch Tech handheld"},"content":{"rendered":"<ul>\n<li>Con tecnolog\u00eda t\u00e1ctil de encendido y apagado sin interruptor, dise\u00f1ada para la m\u00e1xima comodidad: sujete la luz para una iluminaci\u00f3n instant\u00e1nea<\/li>\n<li>Su tama\u00f1o compacto hace que esta linterna con llavero sea una luz conveniente para tener en todo momento<\/li>\n<li>Hasta 10 veces m\u00e1s brillante que la tecnolog\u00eda LED est\u00e1ndar, con un tiempo de funcionamiento prolongado<\/li>\n<li>Funciona con 2 bater\u00edas tipo CR2032 Energizer (incluidas)<\/li>\n<\/ul>\n","protected":false},"excerpt":{"rendered":"<p>El Llavero Energizer\u2122 con tecnolog\u00eda Touch Tech\u2122 patentada para un uso f\u00e1cil e intuitivo. Con la innovaci\u00f3n sin interrupciones de Touch Tech\u2122, obtienes iluminaci\u00f3n instant\u00e1nea al tocar la linterna. Simplemente suelte su agarre cuando termine de usar, y Touch Tech\u2122 apaga suavemente la luz. Touch Tech\u2122 asegura que su linterna nunca se quede encendida accidentalmente y ayuda a extender la vida \u00fatil de la bater\u00eda. Esta tecnolog\u00eda hace que este llavero sea muy conveniente y f\u00e1cil de usar.<\/p>\n","protected":false},"featured_media":0,"comment_status":"open","ping_status":"closed","template":"","meta":{"_acf_changed":false},"product_brand":[],"product_cat":[97],"product_tag":[],"class_list":{"0":"post-5231","1":"product","2":"type-product","3":"status-publish","5":"product_cat-handheld","7":"first","8":"instock","9":"shipping-taxable","10":"product-type-simple"},"acf":[],"_links":{"self":[{"href":"https:\/\/energizer.com\/lat\/mexico\/wp-json\/wp\/v2\/product\/5231","targetHints":{"allow":["GET"]}}],"collection":[{"href":"https:\/\/energizer.com\/lat\/mexico\/wp-json\/wp\/v2\/product"}],"about":[{"href":"https:\/\/energizer.com\/lat\/mexico\/wp-json\/wp\/v2\/types\/product"}],"replies":[{"embeddable":true,"href":"https:\/\/energizer.com\/lat\/mexico\/wp-json\/wp\/v2\/comments?post=5231"}],"version-history":[{"count":7,"href":"https:\/\/energizer.com\/lat\/mexico\/wp-json\/wp\/v2\/product\/5231\/revisions"}],"predecessor-version":[{"id":9704,"href":"https:\/\/energizer.com\/lat\/mexico\/wp-json\/wp\/v2\/product\/5231\/revisions\/9704"}],"wp:attachment":[{"href":"https:\/\/energizer.com\/lat\/mexico\/wp-json\/wp\/v2\/media?parent=5231"}],"wp:term":[{"taxonomy":"product_brand","embeddable":true,"href":"https:\/\/energizer.com\/lat\/mexico\/wp-json\/wp\/v2\/product_brand?post=5231"},{"taxonomy":"product_cat","embeddable":true,"href":"https:\/\/energizer.com\/lat\/mexico\/wp-json\/wp\/v2\/product_cat?post=5231"},{"taxonomy":"product_tag","embeddable":true,"href":"https:\/\/energizer.com\/lat\/mexico\/wp-json\/wp\/v2\/product_tag?post=5231"}],"curies":[{"name":"wp","href":"https:\/\/api.w.org\/{rel}","templated":true}]}}