{"id":9705,"date":"2024-08-06T07:09:59","date_gmt":"2024-08-06T07:09:59","guid":{"rendered":"https:\/\/c487eefeea.nxcli.io\/mexico\/?post_type=product&#038;p=9705"},"modified":"2024-08-06T07:09:59","modified_gmt":"2024-08-06T07:09:59","slug":"energizer-universal-headlamp-60","status":"publish","type":"product","link":"https:\/\/energizer.com\/lat\/mexico\/product\/energizer-universal-headlamp-60\/","title":{"rendered":"Energizer Universal Headlamp 60"},"content":{"rendered":"<ul>\n<li>Incluye 3 pilas AAA Energizer Max\u00ae<\/li>\n<li>Vea hasta 20 metros por delante con hasta 60 l\u00famenes de luz LED brillante<\/li>\n<li>Cabeza M\u00f3vil<\/li>\n<li>Resistente al agua<\/li>\n<li>Banda antideslizante ajustable<\/li>\n<li>Lente inastillable<\/li>\n<li>Luz nocturna<\/li>\n<\/ul>\n","protected":false},"excerpt":{"rendered":"<p>Enfr\u00e9ntese a cualquier situaci\u00f3n con la cabeza en alto y las manos libres con la linterna Energizer\u00ae Universal\u2122. Sus viajes de campamento o senderismo y proyectos de \u201ch\u00e1galo usted mismo\u201d en casa ser\u00e1n m\u00e1s seguros y brillantes con 60 l\u00famenes de luz LED. Estar\u00e1 c\u00f3modo y con las manos libres con esta linterna compacta y liviana. Vea hasta 20 metros m\u00e1s adelante con un haz que puede alternar entre visi\u00f3n nocturna (luz roja) y modo alto para actividades al aire libre, apagones causados por cortes de energ\u00eda y otras actividades dom\u00e9sticas que nunca vio venir. \u00a1As\u00ed que abr\u00f3chese su linterna de cabeza y vea lo que le espera!<\/p>\n","protected":false},"featured_media":0,"comment_status":"open","ping_status":"closed","template":"","meta":{"_acf_changed":false},"product_brand":[],"product_cat":[43],"product_tag":[],"class_list":{"0":"post-9705","1":"product","2":"type-product","3":"status-publish","5":"product_cat-hands-free","7":"first","8":"instock","9":"shipping-taxable","10":"product-type-simple"},"acf":[],"_links":{"self":[{"href":"https:\/\/energizer.com\/lat\/mexico\/wp-json\/wp\/v2\/product\/9705","targetHints":{"allow":["GET"]}}],"collection":[{"href":"https:\/\/energizer.com\/lat\/mexico\/wp-json\/wp\/v2\/product"}],"about":[{"href":"https:\/\/energizer.com\/lat\/mexico\/wp-json\/wp\/v2\/types\/product"}],"replies":[{"embeddable":true,"href":"https:\/\/energizer.com\/lat\/mexico\/wp-json\/wp\/v2\/comments?post=9705"}],"version-history":[{"count":1,"href":"https:\/\/energizer.com\/lat\/mexico\/wp-json\/wp\/v2\/product\/9705\/revisions"}],"predecessor-version":[{"id":9706,"href":"https:\/\/energizer.com\/lat\/mexico\/wp-json\/wp\/v2\/product\/9705\/revisions\/9706"}],"wp:attachment":[{"href":"https:\/\/energizer.com\/lat\/mexico\/wp-json\/wp\/v2\/media?parent=9705"}],"wp:term":[{"taxonomy":"product_brand","embeddable":true,"href":"https:\/\/energizer.com\/lat\/mexico\/wp-json\/wp\/v2\/product_brand?post=9705"},{"taxonomy":"product_cat","embeddable":true,"href":"https:\/\/energizer.com\/lat\/mexico\/wp-json\/wp\/v2\/product_cat?post=9705"},{"taxonomy":"product_tag","embeddable":true,"href":"https:\/\/energizer.com\/lat\/mexico\/wp-json\/wp\/v2\/product_tag?post=9705"}],"curies":[{"name":"wp","href":"https:\/\/api.w.org\/{rel}","templated":true}]}}