{"id":5946,"date":"2024-05-24T06:07:20","date_gmt":"2024-05-24T06:07:20","guid":{"rendered":"https:\/\/c487eefeea.nxcli.io\/peru\/?page_id=5946"},"modified":"2026-03-12T08:19:02","modified_gmt":"2026-03-12T08:19:02","slug":"compare-batteries","status":"publish","type":"page","link":"https:\/\/energizer.com\/lat\/peru\/compare-batteries\/","title":{"rendered":"Compare Batteries"},"content":{"rendered":"\t\t<div data-elementor-type=\"wp-page\" data-elementor-id=\"5946\" class=\"elementor elementor-5946\" data-elementor-post-type=\"page\">\n\t\t\t\t<div class=\"elementor-element elementor-element-8fca408 e-flex e-con-boxed e-con e-parent\" data-id=\"8fca408\" data-element_type=\"container\" data-e-type=\"container\">\n\t\t\t\t\t<div class=\"e-con-inner\">\n\t\t\t\t<div class=\"elementor-element elementor-element-0a45dff elementor-widget elementor-widget-heading\" data-id=\"0a45dff\" data-element_type=\"widget\" data-e-type=\"widget\" data-widget_type=\"heading.default\">\n\t\t\t\t<div class=\"elementor-widget-container\">\n\t\t\t\t\t<h1 class=\"elementor-heading-title elementor-size-default\">Cuadro comparativo de bater\u00edas<\/h1>\t\t\t\t<\/div>\n\t\t\t\t<\/div>\n\t\t\t\t<div class=\"elementor-element elementor-element-9e4f6c3 elementor-widget-divider--view-line elementor-widget elementor-widget-divider\" data-id=\"9e4f6c3\" data-element_type=\"widget\" data-e-type=\"widget\" data-widget_type=\"divider.default\">\n\t\t\t\t<div class=\"elementor-widget-container\">\n\t\t\t\t\t\t\t<div class=\"elementor-divider\">\n\t\t\t<span class=\"elementor-divider-separator\">\n\t\t\t\t\t\t<\/span>\n\t\t<\/div>\n\t\t\t\t\t\t<\/div>\n\t\t\t\t<\/div>\n\t\t\t\t\t<\/div>\n\t\t\t\t<\/div>\n\t\t<div class=\"elementor-element elementor-element-a508f05 e-flex e-con-boxed e-con e-parent\" data-id=\"a508f05\" data-element_type=\"container\" data-e-type=\"container\">\n\t\t\t\t\t<div class=\"e-con-inner\">\n\t\t<div class=\"elementor-element elementor-element-d2a5f8f e-con-full e-flex e-con e-child\" data-id=\"d2a5f8f\" data-element_type=\"container\" data-e-type=\"container\">\n\t\t\t\t<div class=\"elementor-element elementor-element-6409e82 elementor-widget elementor-widget-text-editor\" data-id=\"6409e82\" data-element_type=\"widget\" data-e-type=\"widget\" data-widget_type=\"text-editor.default\">\n\t\t\t\t<div class=\"elementor-widget-container\">\n\t\t\t\t\t\t\t\t\tCon tantas opciones de bater\u00edas, necesitar\u00e1 encontrar el tipo y tama\u00f1o de bater\u00eda adecuados para su dispositivo en particular. Energizer proporciona un cuadro comparativo de bater\u00edas para ayudarle a elegir.\t\t\t\t\t\t\t\t<\/div>\n\t\t\t\t<\/div>\n\t\t\t\t<\/div>\n\t\t<div class=\"elementor-element elementor-element-59fdc1d e-con-full e-flex e-con e-child\" data-id=\"59fdc1d\" data-element_type=\"container\" data-e-type=\"container\">\n\t\t\t\t<div class=\"elementor-element elementor-element-8a409b6 elementor-widget__width-inherit elementor-widget elementor-widget-text-editor\" data-id=\"8a409b6\" data-element_type=\"widget\" data-e-type=\"widget\" data-widget_type=\"text-editor.default\">\n\t\t\t\t<div class=\"elementor-widget-container\">\n\t\t\t\t\t\t\t\t\t<h2>Hay dos tipos b\u00e1sicos de bater\u00edas:<\/h2>\n<ul>\n \t<li><strong>Las bater\u00edas primarias<\/strong> tienen una vida \u00fatil limitada y necesitan ser reemplazadas. Estas incluyen bater\u00edas alcalinas como Energizer MAX\u00ae y bater\u00edas de litio como nuestra Energizer\u00ae Ultimate Lithium\u2122. Otras bater\u00edas primarias incluyen bater\u00edas especiales de \u00f3xido de plata y litio en miniatura y bater\u00edas de zinc-aire para aud\u00edfonos.<\/li>\n \t<li><strong>Las bater\u00edas recargables<\/strong>, por supuesto, se pueden recargar una y otra vez, \u00a1algunas de ellas hasta 1.000 veces! Consulte la p\u00e1gina de Energizer Recharge\u00ae para obtener m\u00e1s informaci\u00f3n.<\/li>\n<\/ul>\t\t\t\t\t\t\t\t<\/div>\n\t\t\t\t<\/div>\n\t\t\t\t<div class=\"elementor-element elementor-element-a7523d0 elementor-widget elementor-widget-html\" data-id=\"a7523d0\" data-element_type=\"widget\" data-e-type=\"widget\" data-widget_type=\"html.default\">\n\t\t\t\t<div class=\"elementor-widget-container\">\n\t\t\t\t\t<div class=\"wrapper1\">\r\n    <div class=\"div1\">\r\n    <\/div>\r\n<\/div>\r\n  <div class=\"table-container\" >\r\n   \r\n<div class=\"div2\">\r\n    <table>\r\n<thead>\r\n<tr>\r\n<th>Cuadro\r\ncomparativo<\/th>\r\n<th>LITHIUM<\/th>\r\n<th>MAX<\/th>\r\n\r\n\r\n<th>RECHARGE UNIVERSAL<\/th>\r\n\r\n<\/tr>\r\n<\/thead>\r\n<tbody>\r\n<tr>\r\n<td><\/td>\r\n<td><a class=\"tablinks\" href=\"https:\/\/energizer.com\/lat\/peru\/power\/energizer-ultimate-lithium\/\" aria-label=\"energizer-ultimate-lithium\" target=\"_blank\" rel=\"noopener\">Bater\u00eda AA n.\u00ba 1 de mayor duraci\u00f3n<\/a><\/td>\r\n\r\n<td><a class=\"tablinks\" href=\"https:\/\/energizer.com\/lat\/peru\/wp-content\/uploads\/2024\/05\/lithiuml91l92_appman.pdf\" aria-label=\"lithiuml91l92_appman\" target=\"_blank\" rel=\"noopener\">Nuestra marca m\u00e1s vendida\r\nPotencia de larga duraci\u00f3n para sus\r\ndispositivos cotidianos<\/a><\/td>\r\n\r\n<td><a class=\"tablinks\" href=\"https:\/\/energizer.com\/lat\/peru\/wp-content\/uploads\/2024\/05\/nickelmetalhydride_appman.pdf\" aria-label=\"nickelmetalhydride_appman\" target=\"_blank\" rel=\"noopener\">Marca recargable n.\u00ba 1 del mundo<\/a><\/td>\r\n\r\n<\/tr>\r\n<tr>\r\n<td><strong>Tama\u00f1os disponibles<\/strong><\/td>\r\n\r\n<td>AA, AAA<\/td>\r\n<td>AA y AAA<\/td>\r\n<td>AA, AAA*<\/td>\r\n\r\n<\/tr>\r\n<tr>\r\n<td><strong>Composici\u00f3n<\/strong><\/td>\r\n\r\n<td>Litio\r\n  Las pilas Energizer\u00aeUltimate Lithium\u2122\r\n  se diferencian de las\r\n  pilas alcalinas en\r\n  composici\u00f3n qu\u00edmica y construcci\u00f3n.\r\n  <br><a style=\"color: #dc291e; font-weight: normal; text-decoration: underline;\" href=\"https:\/\/energizer.com\/lat\/peru\/wp-content\/uploads\/2024\/05\/lithiuml91l92_appman.pdf\" target=\"_blank\" rel=\"noopener\">M\u00e1s informaci\u00f3n<\/a><\/td>\r\n  \r\n<td>Alcalinas\r\n Las pilas alcalinas Energizer\u00aeest\u00e1n\r\ndisponibles en tama\u00f1os AA y AAA\r\ny se adaptan a la mayor\u00eda de las aplicaciones\r\n<br><a style=\"color: #dc291e; font-weight: normal; text-decoration: underline;\" href=\"https:\/\/data.energizer.com\/pdfs\/alkaline_appman.pdf\" aria-label=\"alkaline_appman\" target=\"_blank\" rel=\"noopener\">M\u00e1s informaci\u00f3n<\/a><\/td>\r\n\r\n\r\n<td colspan=\"3\">N\u00edquel metal hidruro (NiMH)\r\nLa verdadera ventaja de las bater\u00edas recargables Energizer\u00ae NiMH\r\nse puede encontrar en el ciclo de vida (reutilizaci\u00f3n despu\u00e9s de la carga).<\/td>\r\n\r\n<\/tr>\r\n<tr>\r\n<td><strong>Vida \u00fatil\/\r\ndurabilidad<\/strong><\/td>\r\n\r\n<td>AA, AAA hasta 25 a\u00f1os<\/td>\r\n\r\n<td>AA y AAA hasta 10 a\u00f1os<\/td>\r\n<td>-<\/td>\r\n<\/tr>\r\n<tr>\r\n<td><strong>\r\nProtecci\u00f3n\r\ncontra fugas<\/strong><\/td>\r\n\r\n<td><img decoding=\"async\" src=\"https:\/\/energizer.com\/lat\/peru\/wp-content\/uploads\/sites\/7\/2024\/05\/Check.png\" alt=\"correcto\" \/><br>\r\n <\/td>\r\n  \r\n<td><img decoding=\"async\" src=\"https:\/\/energizer.com\/lat\/peru\/wp-content\/uploads\/sites\/7\/2024\/05\/Check.png\" alt=\"correcto\" \/><br>\r\n<\/td>\r\n<td><img decoding=\"async\" src=\"https:\/\/energizer.com\/lat\/peru\/wp-content\/uploads\/sites\/7\/2024\/05\/Check.png\" alt=\"correcto\" \/><br>\r\n<\/td>\r\n\r\n<\/tr>\r\n<tr>\r\n<td><strong>Caracter\u00edsticas principales<\/strong><\/td>\r\n\r\n<td>La pila\r\n  AA y AAA de mayor duraci\u00f3n del mundo*\r\n *AAA en dispositivos de alta tecnolog\u00eda<\/td>\r\n\r\n<td>Energ\u00eda confiable para sus\r\ndispositivos dom\u00e9sticos. 50 % m\u00e1s\r\nduraci\u00f3n frente a la duraci\u00f3n promedio est\u00e1ndar\r\nm\u00ednima\r\nen luces port\u00e1tiles<\/td>\r\n\r\n\r\n\r\n<td colspan=\"3\">Dise\u00f1adas para proteger sus dispositivos esenciales\r\nde fugas da\u00f1inas\r\n en condiciones normales de uso<\/td>\r\n\r\n<\/tr>\r\n<tr>\r\n<td><strong>Tipo de dispositivos\r\nMejor uso<\/strong><\/td>\r\n\r\n<td>Para dispositivos cotidianos y de alta tecnolog\u00eda\r\n  como:\r\n  Automatizaci\u00f3n del hogar\r\n  Juegos port\u00e1tiles\r\n  Audio digital\r\n  C\u00e1maras digitales\r\n  Control de videojuegos inal\u00e1mbrico<\/td>\r\n  \r\n<td>Para sus dispositivos cotidianos\r\ncomo:\r\nControles remotos\r\nJuguetes\r\nRelojes<\/td>\r\n\r\n\r\n<td>Para dispositivos cotidianos que\r\nagotan las bater\u00edas\r\nr\u00e1pidamente, como:\r\nJuguete con control remoto\r\nControl de videojuegos inal\u00e1mbrico\r\nAudio digital<\/td>\r\n\r\n<\/tr>\r\n<tr>\r\n<td><strong>Recargable <\/strong><\/td>\r\n\r\n\r\n<td>-<\/td>\r\n<td>-<\/td>\r\n<td>s\u00ed<\/td>\r\n\r\n<\/tr>\r\n<tr>\r\n<td><strong>Ciclos de carga<\/strong><\/td>\r\n\r\n\r\n<td>-<\/td>\r\n<td>-<\/td>\r\n<td>Cargadores cientos de veces<\/td>\r\n\r\n<\/tr>\r\n<tr>\r\n<td><strong>Capacidad de carga <\/strong><\/td>\r\n\r\n\r\n<td>-<\/td>\r\n<td>-<\/td>\r\n<td>AA 1300 mAh\r\nAAA 500 mAh <\/td>\r\n\r\n<\/tr>\r\n<tr>\r\n<td><strong>Contenido reciclado <\/strong><\/td>\r\n\r\n<td>Incluye materiales reciclados,\r\n  hasta 10 % de acero reciclado\r\n  Solo AA y AAA<\/td>\r\n<td>-<\/td>\r\n<td>AA, AAA fabricadas con un 7 %\r\n  de materiales reciclados<\/td>\r\n\r\n\r\n\r\n\r\n\r\n<\/tr>\r\n<tr>\r\n<td><strong>Temperatura de\r\nfuncionamiento <\/strong><\/td>\r\n\r\n<td>-40 \u00b0C a 60 \u00b0C<\/td>\r\n<td>-18 \u00b0C a 55 \u00b0C<\/td>\r\n<td colspan=\"3\">Carga: 32 \u00b0F a 104 \u00b0F Descarga: 32 \u00b0F a 122 \u00b0FAlmacenamiento: -4 \u00b0F a 86 \u00b0F<\/td>\r\n\r\n<\/tr>\r\n<tr>\r\n<td><strong>Peso de la bater\u00eda <\/strong><\/td>\r\n\r\n<td> AA: 0,5 oz.\r\n  AAA: 0,3 oz.\r\n  9V 1,2 oz.<\/td>\r\n\r\n<td>AA: 0,8 onzas\r\nAAA: 0,4 oz.<\/td>\r\n\r\n<td>AA: 1,1 oz.\r\nAAA: 0,4 oz.<\/td>\r\n\r\n<\/tr>\r\n<tr>\r\n<td><strong>Para obtener m\u00e1s\r\nInformaci\u00f3n t\u00e9cnica\r\n <\/strong><\/td>\r\n\r\n <td><a style=\"color: #dc291e; font-weight: normal; text-decoration: underline;\" href=\"http:\/\/data.energizer.com\/\" aria-label=\"check-icon\" target=\"_blank\" rel=\"noopener\">Haga clic aqu\u00ed<\/a><\/td>\r\n\r\n<td><a style=\"color: #dc291e; font-weight: normal; text-decoration: underline;\" href=\"http:\/\/data.energizer.com\/\" aria-label=\"check-icon\" target=\"_blank\" rel=\"noopener\">Haga clic Aqu\u00ed<\/a><\/td>\r\n<td><a style=\"color: #dc291e; font-weight: normal; text-decoration: underline;\" href=\"http:\/\/data.energizer.com\/\" aria-label=\"check-icon\" target=\"_blank\" rel=\"noopener\">Haga clic aqu\u00ed<\/a><\/td>\r\n\r\n<\/tr>\r\n<tr>\r\n<td><strong>Comprar<\/strong><\/td>\r\n\r\n\r\n<td><\/td>\r\n<td><\/td>\r\n<td><\/td>\r\n\r\n<\/tr>\r\n<\/tbody>\r\n<\/table>\r\n\r\n\r\n<\/div>\r\n<\/div>\r\n\t\t\t\t<\/div>\n\t\t\t\t<\/div>\n\t\t\t\t<div class=\"elementor-element elementor-element-20d85c5 elementor-widget__width-inherit elementor-widget elementor-widget-text-editor\" data-id=\"20d85c5\" data-element_type=\"widget\" data-e-type=\"widget\" data-widget_type=\"text-editor.default\">\n\t\t\t\t<div class=\"elementor-widget-container\">\n\t\t\t\t\t\t\t\t\t<p>*Todas las pilas AA y AAA est\u00e1n respaldadas con la Garant\u00eda de No Fuga<br \/>**Los resultados var\u00edan seg\u00fan la c\u00e1mara y el uso<br \/>***Los resultados var\u00edan seg\u00fan el tipo de dispositivo<\/p>\t\t\t\t\t\t\t\t<\/div>\n\t\t\t\t<\/div>\n\t\t\t\t<\/div>\n\t\t<div class=\"elementor-element elementor-element-2616a60 e-con-full elementor-hidden-widescreen elementor-hidden-desktop elementor-hidden-laptop elementor-hidden-tablet_extra elementor-hidden-tablet elementor-hidden-mobile_extra elementor-hidden-mobile e-flex e-con e-child\" data-id=\"2616a60\" data-element_type=\"container\" data-e-type=\"container\">\n\t\t\t\t<div class=\"elementor-element elementor-element-eef5003 elementor-widget elementor-widget-image\" data-id=\"eef5003\" data-element_type=\"widget\" data-e-type=\"widget\" data-widget_type=\"image.default\">\n\t\t\t\t<div class=\"elementor-widget-container\">\n\t\t\t\t\t\t\t\t\t\t\t\t\t\t\t<img decoding=\"async\" width=\"47\" height=\"60\" src=\"https:\/\/energizer.com\/lat\/peru\/wp-content\/uploads\/sites\/7\/2024\/05\/gamer.png\" class=\"attachment-large size-large wp-image-5982\" alt=\"gamer\" \/>\t\t\t\t\t\t\t\t\t\t\t\t\t\t\t<\/div>\n\t\t\t\t<\/div>\n\t\t\t\t<div class=\"elementor-element elementor-element-7778ffa elementor-widget elementor-widget-image\" data-id=\"7778ffa\" data-element_type=\"widget\" data-e-type=\"widget\" data-widget_type=\"image.default\">\n\t\t\t\t<div class=\"elementor-widget-container\">\n\t\t\t\t\t\t\t\t\t\t\t\t\t\t\t<img decoding=\"async\" width=\"48\" height=\"60\" src=\"https:\/\/energizer.com\/lat\/peru\/wp-content\/uploads\/sites\/7\/2024\/05\/home-text.png\" class=\"attachment-large size-large wp-image-5983\" alt=\"home-text\" \/>\t\t\t\t\t\t\t\t\t\t\t\t\t\t\t<\/div>\n\t\t\t\t<\/div>\n\t\t\t\t<div class=\"elementor-element elementor-element-58a06b6 elementor-widget elementor-widget-image\" data-id=\"58a06b6\" data-element_type=\"widget\" data-e-type=\"widget\" data-widget_type=\"image.default\">\n\t\t\t\t<div class=\"elementor-widget-container\">\n\t\t\t\t\t\t\t\t\t\t\t\t\t\t\t<img decoding=\"async\" width=\"54\" height=\"60\" src=\"https:\/\/energizer.com\/lat\/peru\/wp-content\/uploads\/sites\/7\/2024\/05\/camera-text.png\" class=\"attachment-large size-large wp-image-5978\" alt=\"camera-text\" \/>\t\t\t\t\t\t\t\t\t\t\t\t\t\t\t<\/div>\n\t\t\t\t<\/div>\n\t\t\t\t<div class=\"elementor-element elementor-element-af9d644 elementor-widget elementor-widget-image\" data-id=\"af9d644\" data-element_type=\"widget\" data-e-type=\"widget\" data-widget_type=\"image.default\">\n\t\t\t\t<div class=\"elementor-widget-container\">\n\t\t\t\t\t\t\t\t\t\t\t\t\t\t\t<img loading=\"lazy\" decoding=\"async\" width=\"55\" height=\"60\" src=\"https:\/\/energizer.com\/lat\/peru\/wp-content\/uploads\/sites\/7\/2024\/05\/monster-truck-text.png\" class=\"attachment-large size-large wp-image-5984\" alt=\"monster-truck-text\" \/>\t\t\t\t\t\t\t\t\t\t\t\t\t\t\t<\/div>\n\t\t\t\t<\/div>\n\t\t\t\t<div class=\"elementor-element elementor-element-e67cee7 elementor-widget elementor-widget-image\" data-id=\"e67cee7\" data-element_type=\"widget\" data-e-type=\"widget\" data-widget_type=\"image.default\">\n\t\t\t\t<div class=\"elementor-widget-container\">\n\t\t\t\t\t\t\t\t\t\t\t\t\t\t\t<img loading=\"lazy\" decoding=\"async\" width=\"33\" height=\"60\" src=\"https:\/\/energizer.com\/lat\/peru\/wp-content\/uploads\/sites\/7\/2024\/05\/remote-control-text.png\" class=\"attachment-large size-large wp-image-5987\" alt=\"remote-control-text\" \/>\t\t\t\t\t\t\t\t\t\t\t\t\t\t\t<\/div>\n\t\t\t\t<\/div>\n\t\t\t\t<div class=\"elementor-element elementor-element-521852a elementor-widget elementor-widget-image\" data-id=\"521852a\" data-element_type=\"widget\" data-e-type=\"widget\" data-widget_type=\"image.default\">\n\t\t\t\t<div class=\"elementor-widget-container\">\n\t\t\t\t\t\t\t\t\t\t\t\t\t\t\t<img loading=\"lazy\" decoding=\"async\" width=\"60\" height=\"51\" src=\"https:\/\/energizer.com\/lat\/peru\/wp-content\/uploads\/sites\/7\/2024\/05\/truck-text.png\" class=\"attachment-large size-large wp-image-5988\" alt=\"truck-text\" \/>\t\t\t\t\t\t\t\t\t\t\t\t\t\t\t<\/div>\n\t\t\t\t<\/div>\n\t\t\t\t<div class=\"elementor-element elementor-element-ad6fffc elementor-widget elementor-widget-image\" data-id=\"ad6fffc\" data-element_type=\"widget\" data-e-type=\"widget\" data-widget_type=\"image.default\">\n\t\t\t\t<div class=\"elementor-widget-container\">\n\t\t\t\t\t\t\t\t\t\t\t\t\t\t\t<img loading=\"lazy\" decoding=\"async\" width=\"36\" height=\"60\" src=\"https:\/\/energizer.com\/lat\/peru\/wp-content\/uploads\/sites\/7\/2024\/05\/volume-text.png\" class=\"attachment-large size-large wp-image-5989\" alt=\"volume-text\" \/>\t\t\t\t\t\t\t\t\t\t\t\t\t\t\t<\/div>\n\t\t\t\t<\/div>\n\t\t\t\t<div class=\"elementor-element elementor-element-45aec67 elementor-widget elementor-widget-image\" data-id=\"45aec67\" data-element_type=\"widget\" data-e-type=\"widget\" data-widget_type=\"image.default\">\n\t\t\t\t<div class=\"elementor-widget-container\">\n\t\t\t\t\t\t\t\t\t\t\t\t\t\t\t<img loading=\"lazy\" decoding=\"async\" width=\"57\" height=\"60\" src=\"https:\/\/energizer.com\/lat\/peru\/wp-content\/uploads\/sites\/7\/2024\/05\/game-control-text.png\" class=\"attachment-large size-large wp-image-5981\" alt=\"game-control-text\" \/>\t\t\t\t\t\t\t\t\t\t\t\t\t\t\t<\/div>\n\t\t\t\t<\/div>\n\t\t\t\t<div class=\"elementor-element elementor-element-03f8592 elementor-widget elementor-widget-image\" data-id=\"03f8592\" data-element_type=\"widget\" data-e-type=\"widget\" data-widget_type=\"image.default\">\n\t\t\t\t<div class=\"elementor-widget-container\">\n\t\t\t\t\t\t\t\t\t\t\t\t\t\t\t<img loading=\"lazy\" decoding=\"async\" width=\"46\" height=\"60\" src=\"https:\/\/energizer.com\/lat\/peru\/wp-content\/uploads\/sites\/7\/2024\/05\/flash-light-text.png\" class=\"attachment-large size-large wp-image-5980\" alt=\"flash-light-text\" \/>\t\t\t\t\t\t\t\t\t\t\t\t\t\t\t<\/div>\n\t\t\t\t<\/div>\n\t\t\t\t<div class=\"elementor-element elementor-element-5e5d6a5 elementor-widget elementor-widget-image\" data-id=\"5e5d6a5\" data-element_type=\"widget\" data-e-type=\"widget\" data-widget_type=\"image.default\">\n\t\t\t\t<div class=\"elementor-widget-container\">\n\t\t\t\t\t\t\t\t\t\t\t\t\t\t\t<img loading=\"lazy\" decoding=\"async\" width=\"42\" height=\"60\" src=\"https:\/\/energizer.com\/lat\/peru\/wp-content\/uploads\/sites\/7\/2024\/05\/alaram-text.png\" class=\"attachment-large size-large wp-image-5977\" alt=\"alaram-text\" \/>\t\t\t\t\t\t\t\t\t\t\t\t\t\t\t<\/div>\n\t\t\t\t<\/div>\n\t\t\t\t<\/div>\n\t\t\t\t\t<\/div>\n\t\t\t\t<\/div>\n\t\t\t\t<\/div>\n\t\t","protected":false},"excerpt":{"rendered":"<p>Cuadro comparativo de bater\u00edas Con tantas opciones de bater\u00edas, necesitar\u00e1 encontrar el tipo y tama\u00f1o de bater\u00eda adecuados para su dispositivo en particular. Energizer proporciona un cuadro comparativo de bater\u00edas para ayudarle a elegir. Hay dos tipos b\u00e1sicos de bater\u00edas: Las bater\u00edas primarias tienen una vida \u00fatil limitada y necesitan ser reemplazadas. Estas incluyen bater\u00edas [&hellip;]<\/p>\n","protected":false},"author":2,"featured_media":0,"parent":0,"menu_order":0,"comment_status":"closed","ping_status":"closed","template":"elementor_header_footer","meta":{"_acf_changed":false,"footnotes":""},"class_list":["post-5946","page","type-page","status-publish","hentry"],"acf":[],"_links":{"self":[{"href":"https:\/\/energizer.com\/lat\/peru\/wp-json\/wp\/v2\/pages\/5946","targetHints":{"allow":["GET"]}}],"collection":[{"href":"https:\/\/energizer.com\/lat\/peru\/wp-json\/wp\/v2\/pages"}],"about":[{"href":"https:\/\/energizer.com\/lat\/peru\/wp-json\/wp\/v2\/types\/page"}],"author":[{"embeddable":true,"href":"https:\/\/energizer.com\/lat\/peru\/wp-json\/wp\/v2\/users\/2"}],"replies":[{"embeddable":true,"href":"https:\/\/energizer.com\/lat\/peru\/wp-json\/wp\/v2\/comments?post=5946"}],"version-history":[{"count":148,"href":"https:\/\/energizer.com\/lat\/peru\/wp-json\/wp\/v2\/pages\/5946\/revisions"}],"predecessor-version":[{"id":10298,"href":"https:\/\/energizer.com\/lat\/peru\/wp-json\/wp\/v2\/pages\/5946\/revisions\/10298"}],"wp:attachment":[{"href":"https:\/\/energizer.com\/lat\/peru\/wp-json\/wp\/v2\/media?parent=5946"}],"curies":[{"name":"wp","href":"https:\/\/api.w.org\/{rel}","templated":true}]}}