{"id":10037,"date":"2024-09-11T13:28:17","date_gmt":"2024-09-11T13:28:17","guid":{"rendered":"https:\/\/energizer.com\/lat\/peru\/?post_type=product&#038;p=10037"},"modified":"2024-12-10T08:08:57","modified_gmt":"2024-12-10T08:08:57","slug":"energizer-hard-case-lint-farol-recargable","status":"publish","type":"product","link":"https:\/\/energizer.com\/lat\/peru\/product\/energizer-hard-case-lint-farol-recargable\/","title":{"rendered":"Energizer HARD CASE LINT FAROL RECARGABLE"},"content":{"rendered":"<ul>\n<li>Incluye cable USB para cargar.<\/li>\n<li>Luz indicadora de carga.<\/li>\n<li>Lente inestillable<\/li>\n<li>puede utilizarse para cargar un tel\u00e9fono m\u00f3vil u otro dispositivo port\u00e1til con puerto USB.<\/li>\n<li>Resistente al agua para trabajos al aire libre.<\/li>\n<li>Resistente a ca\u00eddas, hasta 3 metros.<\/li>\n<li>Modo alto y bajo para un brillo optimizado y control del tiempo en ejecuci\u00f3n (hasta 7 horas minutos en alta, hasta 27 horas en baja).<\/li>\n<li>Duradera, resistente y a prueba de agua.<\/li>\n<li>Ideal para uso de larga distancia y b\u00fasquedas.<\/li>\n<li>Ranura para cord\u00f3n incorporada.<\/li>\n<li>Dise\u00f1o antivuelco.<\/li>\n<\/ul>\n","protected":false},"excerpt":{"rendered":"<p>Incluye cable USB para cargar. Luz indicadora de carga. Lente inestillable puede utilizarse para cargar un tel\u00e9fono m\u00f3vil u otro dispositivo port\u00e1til con puerto USB. Resistente al agua para trabajos al aire libre. Resistente a ca\u00eddas, hasta 3 metros. Modo alto y bajo para un brillo optimizado y control del tiempo en ejecuci\u00f3n (hasta 7 [&hellip;]<\/p>\n","protected":false},"featured_media":0,"comment_status":"open","ping_status":"closed","template":"","meta":{"_acf_changed":false},"product_brand":[],"product_cat":[97],"product_tag":[],"class_list":{"0":"post-10037","1":"product","2":"type-product","3":"status-publish","5":"product_cat-handheld","7":"first","8":"instock","9":"shipping-taxable","10":"product-type-simple"},"acf":[],"_links":{"self":[{"href":"https:\/\/energizer.com\/lat\/peru\/wp-json\/wp\/v2\/product\/10037","targetHints":{"allow":["GET"]}}],"collection":[{"href":"https:\/\/energizer.com\/lat\/peru\/wp-json\/wp\/v2\/product"}],"about":[{"href":"https:\/\/energizer.com\/lat\/peru\/wp-json\/wp\/v2\/types\/product"}],"replies":[{"embeddable":true,"href":"https:\/\/energizer.com\/lat\/peru\/wp-json\/wp\/v2\/comments?post=10037"}],"version-history":[{"count":3,"href":"https:\/\/energizer.com\/lat\/peru\/wp-json\/wp\/v2\/product\/10037\/revisions"}],"predecessor-version":[{"id":10171,"href":"https:\/\/energizer.com\/lat\/peru\/wp-json\/wp\/v2\/product\/10037\/revisions\/10171"}],"wp:attachment":[{"href":"https:\/\/energizer.com\/lat\/peru\/wp-json\/wp\/v2\/media?parent=10037"}],"wp:term":[{"taxonomy":"product_brand","embeddable":true,"href":"https:\/\/energizer.com\/lat\/peru\/wp-json\/wp\/v2\/product_brand?post=10037"},{"taxonomy":"product_cat","embeddable":true,"href":"https:\/\/energizer.com\/lat\/peru\/wp-json\/wp\/v2\/product_cat?post=10037"},{"taxonomy":"product_tag","embeddable":true,"href":"https:\/\/energizer.com\/lat\/peru\/wp-json\/wp\/v2\/product_tag?post=10037"}],"curies":[{"name":"wp","href":"https:\/\/api.w.org\/{rel}","templated":true}]}}