{"id":10043,"date":"2024-09-11T13:32:59","date_gmt":"2024-09-11T13:32:59","guid":{"rendered":"https:\/\/energizer.com\/lat\/peru\/?post_type=product&#038;p=10043"},"modified":"2025-01-13T07:26:40","modified_gmt":"2025-01-13T07:26:40","slug":"energizer-hard-case-pivot-light-2aa","status":"publish","type":"product","link":"https:\/\/energizer.com\/lat\/peru\/product\/energizer-hard-case-pivot-light-2aa\/","title":{"rendered":"Energizer Hard Case Pivot Plus 300"},"content":{"rendered":"<ul>\n<li>La linterna LED Flexible Pivot Plus funciona con 2 bater\u00edas Energizer MAX AA (incluidas)<\/li>\n<li>El cabezal giratorio de 175\u00b0 ofrece hasta 300 l\u00famenes brillantes de luz uniforme con una distancia del haz de hasta 30 metros<\/li>\n<li>El cuerpo de goma duradero resiste ca\u00edda tras ca\u00edda desde una altura de hasta 7 metros de altura<\/li>\n<li>La base magn\u00e9tica y el cord\u00f3n incorporado ofrecen iluminaci\u00f3n giratoria para tareas con manos libres en cualquier \u00e1ngulo<\/li>\n<li>El bot\u00f3n extragrande y el mango ergon\u00f3mico facilitan el manejo de la l\u00e1mpara de trabajo, incluso con guantes<\/li>\n<li>Listo para cualquier clima; resistente a la intemperie seg\u00fan los est\u00e1ndares IPX4<\/li>\n<li>Dura todo el tiempo que necesites: Funciona hasta 5 horas en modo alto y hasta 30 horas en modo bajo<\/li>\n<\/ul>\n","protected":false},"excerpt":{"rendered":"<p>La linterna LED Flexible Pivot Plus funciona con 2 bater\u00edas Energizer MAX AA (incluidas) El cabezal giratorio de 175\u00b0 ofrece hasta 300 l\u00famenes brillantes de luz uniforme con una distancia del haz de hasta 30 metros El cuerpo de goma duradero resiste ca\u00edda tras ca\u00edda desde una altura de hasta 7 metros de altura La [&hellip;]<\/p>\n","protected":false},"featured_media":10231,"comment_status":"open","ping_status":"closed","template":"","meta":{"_acf_changed":false},"product_brand":[],"product_cat":[97],"product_tag":[],"class_list":{"0":"post-10043","1":"product","2":"type-product","3":"status-publish","4":"has-post-thumbnail","6":"product_cat-handheld","8":"first","9":"instock","10":"shipping-taxable","11":"product-type-simple"},"acf":[],"_links":{"self":[{"href":"https:\/\/energizer.com\/lat\/peru\/wp-json\/wp\/v2\/product\/10043","targetHints":{"allow":["GET"]}}],"collection":[{"href":"https:\/\/energizer.com\/lat\/peru\/wp-json\/wp\/v2\/product"}],"about":[{"href":"https:\/\/energizer.com\/lat\/peru\/wp-json\/wp\/v2\/types\/product"}],"replies":[{"embeddable":true,"href":"https:\/\/energizer.com\/lat\/peru\/wp-json\/wp\/v2\/comments?post=10043"}],"version-history":[{"count":3,"href":"https:\/\/energizer.com\/lat\/peru\/wp-json\/wp\/v2\/product\/10043\/revisions"}],"predecessor-version":[{"id":10232,"href":"https:\/\/energizer.com\/lat\/peru\/wp-json\/wp\/v2\/product\/10043\/revisions\/10232"}],"wp:featuredmedia":[{"embeddable":true,"href":"https:\/\/energizer.com\/lat\/peru\/wp-json\/wp\/v2\/media\/10231"}],"wp:attachment":[{"href":"https:\/\/energizer.com\/lat\/peru\/wp-json\/wp\/v2\/media?parent=10043"}],"wp:term":[{"taxonomy":"product_brand","embeddable":true,"href":"https:\/\/energizer.com\/lat\/peru\/wp-json\/wp\/v2\/product_brand?post=10043"},{"taxonomy":"product_cat","embeddable":true,"href":"https:\/\/energizer.com\/lat\/peru\/wp-json\/wp\/v2\/product_cat?post=10043"},{"taxonomy":"product_tag","embeddable":true,"href":"https:\/\/energizer.com\/lat\/peru\/wp-json\/wp\/v2\/product_tag?post=10043"}],"curies":[{"name":"wp","href":"https:\/\/api.w.org\/{rel}","templated":true}]}}