{"id":5064,"date":"2024-05-21T05:09:08","date_gmt":"2024-05-21T05:09:08","guid":{"rendered":"https:\/\/c487eefeea.nxcli.io\/peru\/?post_type=product&#038;p=5064"},"modified":"2024-12-10T05:40:09","modified_gmt":"2024-12-10T05:40:09","slug":"energizer-recharge-universal-aa","status":"publish","type":"product","link":"https:\/\/energizer.com\/lat\/peru\/product\/energizer-recharge-universal-aa\/","title":{"rendered":"ENERGIZER\u00ae RECHARGE UNIVERSAL \u2013 AA"},"content":{"rendered":"<ul>\n<li>Pilas Energizer Recharge Universal AA<\/li>\n<li>Larga Duraci\u00f3n: Las pilas recargables Energizer AA duran hasta 2 veces m\u00e1s que las pilas alcalinas b\u00e1sicas Energizer en las c\u00e1maras digitales; los resultados var\u00edan seg\u00fan el dispositivo<\/li>\n<li>Energ\u00eda Confiable: Ideal para dispositivos cotidianos y de alta tecnolog\u00eda, descubra las pilas AA recargables para luces, juguetes, linternas, controles remotos y mucho m\u00e1s<\/li>\n<li>Protecci\u00f3n Contra Fugas: Las pilas recargables Energizer AA est\u00e1n dise\u00f1adas para proteger sus dispositivos esenciales de da\u00f1os por fugas en condiciones de uso normales<\/li>\n<li>Recargable: Cada bater\u00eda puede recargarse cientos de veces, con una duraci\u00f3n de hasta 5 a\u00f1os en condiciones de uso normales<\/li>\n<li>Elegida por los Consumidores: Energizer es la marca de pilas recargables No. 1 del mundo, seg\u00fan datos de los puntos de venta<\/li>\n<li>Innovaci\u00f3n Energizer: La primera pila AA recargable del mundo fabricada con un 7% de material reciclado<\/li>\n<li>Empaques 100% Reciclables: Los Empaques Energizer son 100% reciclables, apoyan la gesti\u00f3n forestal responsable y no contienen pl\u00e1stico, excepto los precintos de algunos empaques<\/li>\n<\/ul>\n","protected":false},"excerpt":{"rendered":"<p>Saque el m\u00e1ximo partido a sus dispositivos cotidianos y de alta tecnolog\u00eda con la confiable potencia de las pilas Energizer Recharge Universal de AA. Abast\u00e9zcase de pilas recargables Energizer para luces y relojes, as\u00ed como de pilas para timbres, controles remotos, dispositivos de audio y otros aparatos electr\u00f3nicos inal\u00e1mbricos. Este pack de pilas AA tambi\u00e9n es una gran elecci\u00f3n si necesita pilas recargables AA de larga duraci\u00f3n para c\u00e1maras, ya que una sola carga dura hasta 349 fotos. Siempre listas cuando usted las necesite, las pilas Energizer Recharge Universal AA vienen completamente cargadas y pueden mantener la energ\u00eda hasta 12 meses almacenadas.<\/p>\n","protected":false},"featured_media":0,"comment_status":"open","ping_status":"closed","template":"","meta":{"_acf_changed":false},"product_brand":[],"product_cat":[31],"product_tag":[],"class_list":{"0":"post-5064","1":"product","2":"type-product","3":"status-publish","5":"product_cat-energizer-recharge","7":"first","8":"instock","9":"shipping-taxable","10":"product-type-simple"},"acf":[],"_links":{"self":[{"href":"https:\/\/energizer.com\/lat\/peru\/wp-json\/wp\/v2\/product\/5064","targetHints":{"allow":["GET"]}}],"collection":[{"href":"https:\/\/energizer.com\/lat\/peru\/wp-json\/wp\/v2\/product"}],"about":[{"href":"https:\/\/energizer.com\/lat\/peru\/wp-json\/wp\/v2\/types\/product"}],"replies":[{"embeddable":true,"href":"https:\/\/energizer.com\/lat\/peru\/wp-json\/wp\/v2\/comments?post=5064"}],"version-history":[{"count":16,"href":"https:\/\/energizer.com\/lat\/peru\/wp-json\/wp\/v2\/product\/5064\/revisions"}],"predecessor-version":[{"id":10135,"href":"https:\/\/energizer.com\/lat\/peru\/wp-json\/wp\/v2\/product\/5064\/revisions\/10135"}],"wp:attachment":[{"href":"https:\/\/energizer.com\/lat\/peru\/wp-json\/wp\/v2\/media?parent=5064"}],"wp:term":[{"taxonomy":"product_brand","embeddable":true,"href":"https:\/\/energizer.com\/lat\/peru\/wp-json\/wp\/v2\/product_brand?post=5064"},{"taxonomy":"product_cat","embeddable":true,"href":"https:\/\/energizer.com\/lat\/peru\/wp-json\/wp\/v2\/product_cat?post=5064"},{"taxonomy":"product_tag","embeddable":true,"href":"https:\/\/energizer.com\/lat\/peru\/wp-json\/wp\/v2\/product_tag?post=5064"}],"curies":[{"name":"wp","href":"https:\/\/api.w.org\/{rel}","templated":true}]}}