{"id":9957,"date":"2024-09-10T05:13:59","date_gmt":"2024-09-10T05:13:59","guid":{"rendered":"https:\/\/energizer.com\/lat\/peru\/?post_type=product&#038;p=9957"},"modified":"2024-09-11T13:25:39","modified_gmt":"2024-09-11T13:25:39","slug":"energizer-vision-hd-300","status":"publish","type":"product","link":"https:\/\/energizer.com\/lat\/peru\/product\/energizer-vision-hd-300\/","title":{"rendered":"Energizer Vision HD 300"},"content":{"rendered":"<ul>\n<li>Funciona con 3 pilas AAA (incluidas 3 pilas Energizer Max\u00ae)<\/li>\n<li>El potente haz de luz alcanza hasta 55 metros y produce hasta 300 l\u00famenes con tecnolog\u00eda LED de \u00faltima generaci\u00f3n<\/li>\n<li>Cambia f\u00e1cilmente entre 4 modos de luz: alta, baja, puntual\/enfocada e inundaci\u00f3n<\/li>\n<li>Banda c\u00f3moda y lavable con cabezal giratorio que dirige la luz donde la necesita<\/li>\n<li>Duradera, resiste el da\u00f1o de ca\u00eddas de hasta 1 metro de altura, para un uso sin preocupaciones, ya sea que est\u00e9 caminando, montando bicicleta o trabajando en el garaje<\/li>\n<li>Construcci\u00f3n resistente al agua IPX4 que soporta salpicaduras<\/li>\n<li>Funciona por hasta 35 horas en modo bajo y 4 horas en modo alto<\/li>\n<\/ul>\n","protected":false},"excerpt":{"rendered":"<p>Ilumina tu camino y aleja la oscuridad con la linterna Energizer\u00ae Vision HD\u2122, ultra c\u00f3moda y manos libres. Su cabezal pivotante, su haz de hasta 55 metros y su construcci\u00f3n resistente al agua IPX4 la convierten en la opci\u00f3n ideal para correr temprano en la ma\u00f1ana, proyectos cotidianos y\/o caminatas nocturnas. Su dise\u00f1o inteligente y con cabeza giratoria le permite ajustar su luz entre 4 modos: alto (ideal para caminar o cazar), bajo (perfecto para leer o usar como luz de trabajo), luz enfocada (para ver a distancia, ideal para andar en bicicleta) y luz de inundaci\u00f3n (ideal para una visibilidad m\u00e1s amplia, en interiores o exteriores). Su banda el\u00e1stica, c\u00f3moda y lavable, hace que sea f\u00e1cil de usar, permitiendo ajustar su tama\u00f1o de peque\u00f1o a grande.<\/p>\n<p>\u00a1D\u00e9 un aplauso a la linterna manos libres Energizer\u00ae Vision HD\u2122!<\/p>\n","protected":false},"featured_media":0,"comment_status":"open","ping_status":"closed","template":"","meta":{"_acf_changed":false},"product_brand":[],"product_cat":[43],"product_tag":[],"class_list":{"0":"post-9957","1":"product","2":"type-product","3":"status-publish","5":"product_cat-hands-free","7":"first","8":"instock","9":"shipping-taxable","10":"product-type-simple"},"acf":[],"_links":{"self":[{"href":"https:\/\/energizer.com\/lat\/peru\/wp-json\/wp\/v2\/product\/9957","targetHints":{"allow":["GET"]}}],"collection":[{"href":"https:\/\/energizer.com\/lat\/peru\/wp-json\/wp\/v2\/product"}],"about":[{"href":"https:\/\/energizer.com\/lat\/peru\/wp-json\/wp\/v2\/types\/product"}],"replies":[{"embeddable":true,"href":"https:\/\/energizer.com\/lat\/peru\/wp-json\/wp\/v2\/comments?post=9957"}],"version-history":[{"count":3,"href":"https:\/\/energizer.com\/lat\/peru\/wp-json\/wp\/v2\/product\/9957\/revisions"}],"predecessor-version":[{"id":10035,"href":"https:\/\/energizer.com\/lat\/peru\/wp-json\/wp\/v2\/product\/9957\/revisions\/10035"}],"wp:attachment":[{"href":"https:\/\/energizer.com\/lat\/peru\/wp-json\/wp\/v2\/media?parent=9957"}],"wp:term":[{"taxonomy":"product_brand","embeddable":true,"href":"https:\/\/energizer.com\/lat\/peru\/wp-json\/wp\/v2\/product_brand?post=9957"},{"taxonomy":"product_cat","embeddable":true,"href":"https:\/\/energizer.com\/lat\/peru\/wp-json\/wp\/v2\/product_cat?post=9957"},{"taxonomy":"product_tag","embeddable":true,"href":"https:\/\/energizer.com\/lat\/peru\/wp-json\/wp\/v2\/product_tag?post=9957"}],"curies":[{"name":"wp","href":"https:\/\/api.w.org\/{rel}","templated":true}]}}