{"id":10372,"date":"2024-09-12T09:59:35","date_gmt":"2024-09-12T09:59:35","guid":{"rendered":"https:\/\/energizer.com\/lat\/puerto-rico\/?post_type=product&#038;p=10372"},"modified":"2024-09-12T09:59:35","modified_gmt":"2024-09-12T09:59:35","slug":"energizer-waterproof-handheld-led-torch","status":"publish","type":"product","link":"https:\/\/energizer.com\/lat\/puerto-rico\/product\/energizer-waterproof-handheld-led-torch\/","title":{"rendered":"Energizer Waterproof Handheld LED Torch"},"content":{"rendered":"<ul>\n<li>Linterna LED duradera e impermeable que funciona con 2 bater\u00edas Energizer MAX AA (incluidas)<\/li>\n<li>Con tecnolog\u00eda resistente al agua, la antorcha no solo flota, sino que tambi\u00e9n funciona incluso cuando est\u00e1 completamente sumergida (hasta 1 metro de profundidad, durante hasta 30 minutos)<\/li>\n<li>Esta linterna ofrece 35 horas de luz y 55 l\u00famenes, 4 veces m\u00e1s brillante que la tecnolog\u00eda LED est\u00e1ndar<\/li>\n<li>Con resistencia a impactos contra ca\u00eddas de hasta 1 metro, una carcasa naranja de alta visibilidad y paneles reflectantes, esta luz es una linterna de emergencia ideal<\/li>\n<li>Dise\u00f1ado para brindar confiabilidad en innumerables situaciones, desde proyectos de bricolaje en casa hasta actividades al aire libre como caminatas y campamentos, hasta situaciones de emergencia<\/li>\n<\/ul>\n","protected":false},"excerpt":{"rendered":"<p>Linterna LED duradera e impermeable que funciona con 2 bater\u00edas Energizer MAX AA (incluidas) Con tecnolog\u00eda resistente al agua, la antorcha no solo flota, sino que tambi\u00e9n funciona incluso cuando est\u00e1 completamente sumergida (hasta 1 metro de profundidad, durante hasta 30 minutos) Esta linterna ofrece 35 horas de luz y 55 l\u00famenes, 4 veces m\u00e1s [&hellip;]<\/p>\n","protected":false},"featured_media":0,"comment_status":"open","ping_status":"closed","template":"","meta":{"_acf_changed":false},"product_brand":[],"product_cat":[97],"product_tag":[],"class_list":{"0":"post-10372","1":"product","2":"type-product","3":"status-publish","5":"product_cat-handheld","7":"first","8":"instock","9":"shipping-taxable","10":"product-type-simple"},"acf":[],"_links":{"self":[{"href":"https:\/\/energizer.com\/lat\/puerto-rico\/wp-json\/wp\/v2\/product\/10372","targetHints":{"allow":["GET"]}}],"collection":[{"href":"https:\/\/energizer.com\/lat\/puerto-rico\/wp-json\/wp\/v2\/product"}],"about":[{"href":"https:\/\/energizer.com\/lat\/puerto-rico\/wp-json\/wp\/v2\/types\/product"}],"replies":[{"embeddable":true,"href":"https:\/\/energizer.com\/lat\/puerto-rico\/wp-json\/wp\/v2\/comments?post=10372"}],"version-history":[{"count":1,"href":"https:\/\/energizer.com\/lat\/puerto-rico\/wp-json\/wp\/v2\/product\/10372\/revisions"}],"predecessor-version":[{"id":10373,"href":"https:\/\/energizer.com\/lat\/puerto-rico\/wp-json\/wp\/v2\/product\/10372\/revisions\/10373"}],"wp:attachment":[{"href":"https:\/\/energizer.com\/lat\/puerto-rico\/wp-json\/wp\/v2\/media?parent=10372"}],"wp:term":[{"taxonomy":"product_brand","embeddable":true,"href":"https:\/\/energizer.com\/lat\/puerto-rico\/wp-json\/wp\/v2\/product_brand?post=10372"},{"taxonomy":"product_cat","embeddable":true,"href":"https:\/\/energizer.com\/lat\/puerto-rico\/wp-json\/wp\/v2\/product_cat?post=10372"},{"taxonomy":"product_tag","embeddable":true,"href":"https:\/\/energizer.com\/lat\/puerto-rico\/wp-json\/wp\/v2\/product_tag?post=10372"}],"curies":[{"name":"wp","href":"https:\/\/api.w.org\/{rel}","templated":true}]}}