{"id":10378,"date":"2024-09-12T10:05:01","date_gmt":"2024-09-12T10:05:01","guid":{"rendered":"https:\/\/energizer.com\/lat\/puerto-rico\/?post_type=product&#038;p=10378"},"modified":"2025-01-15T09:15:54","modified_gmt":"2025-01-15T09:15:54","slug":"energizer-vision-led-usb-lantern","status":"publish","type":"product","link":"https:\/\/energizer.com\/lat\/puerto-rico\/product\/energizer-vision-led-usb-lantern\/","title":{"rendered":"Energizer Vision LED USB Lantern"},"content":{"rendered":"<ul>\n<li>Linterna LED resistente y vers\u00e1til que funciona con 4 bater\u00edas Energizer MAX D<\/li>\n<li>La construcci\u00f3n duradera resiste da\u00f1os causados \u200b\u200bpor ca\u00eddas de hasta 1 metro de altura para ofrecer confiabilidad sin<\/li>\n<li>preocupaciones como luz de emergencia, linterna para acampar y m\u00e1s<\/li>\n<li>La linterna ofrece hasta 1200 l\u00famenes* de iluminaci\u00f3n de 360\u00ba que es 10 veces m\u00e1s brillante que la tecnolog\u00eda LED est\u00e1ndar<\/li>\n<li>El puerto USB para cargar dispositivos lo convierte en un accesorio perfecto en caso de cortes de energ\u00eda<\/li>\n<li>Personaliza la configuraci\u00f3n de luz de esta linterna el\u00e9ctrica con su funci\u00f3n de atenuaci\u00f3n, desde el modo alto hasta el modo de luz nocturna baja y difusa<\/li>\n<\/ul>\n","protected":false},"excerpt":{"rendered":"<p>Linterna LED resistente y vers\u00e1til que funciona con 4 bater\u00edas Energizer MAX D La construcci\u00f3n duradera resiste da\u00f1os causados \u200b\u200bpor ca\u00eddas de hasta 1 metro de altura para ofrecer confiabilidad sin preocupaciones como luz de emergencia, linterna para acampar y m\u00e1s La linterna ofrece hasta 1200 l\u00famenes* de iluminaci\u00f3n de 360\u00ba que es 10 veces [&hellip;]<\/p>\n","protected":false},"featured_media":0,"comment_status":"open","ping_status":"closed","template":"","meta":{"_acf_changed":false},"product_brand":[],"product_cat":[44],"product_tag":[],"class_list":{"0":"post-10378","1":"product","2":"type-product","3":"status-publish","5":"product_cat-area","7":"first","8":"instock","9":"shipping-taxable","10":"product-type-simple"},"acf":[],"_links":{"self":[{"href":"https:\/\/energizer.com\/lat\/puerto-rico\/wp-json\/wp\/v2\/product\/10378","targetHints":{"allow":["GET"]}}],"collection":[{"href":"https:\/\/energizer.com\/lat\/puerto-rico\/wp-json\/wp\/v2\/product"}],"about":[{"href":"https:\/\/energizer.com\/lat\/puerto-rico\/wp-json\/wp\/v2\/types\/product"}],"replies":[{"embeddable":true,"href":"https:\/\/energizer.com\/lat\/puerto-rico\/wp-json\/wp\/v2\/comments?post=10378"}],"version-history":[{"count":2,"href":"https:\/\/energizer.com\/lat\/puerto-rico\/wp-json\/wp\/v2\/product\/10378\/revisions"}],"predecessor-version":[{"id":10570,"href":"https:\/\/energizer.com\/lat\/puerto-rico\/wp-json\/wp\/v2\/product\/10378\/revisions\/10570"}],"wp:attachment":[{"href":"https:\/\/energizer.com\/lat\/puerto-rico\/wp-json\/wp\/v2\/media?parent=10378"}],"wp:term":[{"taxonomy":"product_brand","embeddable":true,"href":"https:\/\/energizer.com\/lat\/puerto-rico\/wp-json\/wp\/v2\/product_brand?post=10378"},{"taxonomy":"product_cat","embeddable":true,"href":"https:\/\/energizer.com\/lat\/puerto-rico\/wp-json\/wp\/v2\/product_cat?post=10378"},{"taxonomy":"product_tag","embeddable":true,"href":"https:\/\/energizer.com\/lat\/puerto-rico\/wp-json\/wp\/v2\/product_tag?post=10378"}],"curies":[{"name":"wp","href":"https:\/\/api.w.org\/{rel}","templated":true}]}}