{"id":10381,"date":"2024-09-12T10:06:40","date_gmt":"2024-09-12T10:06:40","guid":{"rendered":"https:\/\/energizer.com\/lat\/puerto-rico\/?post_type=product&#038;p=10381"},"modified":"2024-09-12T11:12:19","modified_gmt":"2024-09-12T11:12:19","slug":"energizer-performance-metal-light-6aaa","status":"publish","type":"product","link":"https:\/\/energizer.com\/lat\/puerto-rico\/product\/energizer-performance-metal-light-6aaa\/","title":{"rendered":"Energizer Performance Metal Light (6AAA)"},"content":{"rendered":"<ul>\n<li>Construcci\u00f3n duradera de aluminio de calidad aeron\u00e1utica<\/li>\n<li>F\u00e1cil de usar<\/li>\n<li>Dise\u00f1ado para durar 20 a\u00f1os (basado en patrones de uso t\u00edpicos de los consumidores)<\/li>\n<li>Vers\u00e1til: m\u00faltiples modos<\/li>\n<li>Hasta 15 veces m\u00e1s brillante que la tecnolog\u00eda LED est\u00e1ndar<\/li>\n<li>Tecnolog\u00eda MAXVIZ\u2122 para ofrecer una amplia luz, potente y una visi\u00f3n de alta definici\u00f3n<\/li>\n<li>Caracter\u00edsticas Tecnolog\u00eda LED<\/li>\n<li>Funciona con 6 pilas AAA<\/li>\n<\/ul>\n","protected":false},"excerpt":{"rendered":"<p>Construcci\u00f3n duradera de aluminio de calidad aeron\u00e1utica F\u00e1cil de usar Dise\u00f1ado para durar 20 a\u00f1os (basado en patrones de uso t\u00edpicos de los consumidores) Vers\u00e1til: m\u00faltiples modos Hasta 15 veces m\u00e1s brillante que la tecnolog\u00eda LED est\u00e1ndar Tecnolog\u00eda MAXVIZ\u2122 para ofrecer una amplia luz, potente y una visi\u00f3n de alta definici\u00f3n Caracter\u00edsticas Tecnolog\u00eda LED Funciona [&hellip;]<\/p>\n","protected":false},"featured_media":0,"comment_status":"open","ping_status":"closed","template":"","meta":{"_acf_changed":false},"product_brand":[],"product_cat":[97],"product_tag":[],"class_list":{"0":"post-10381","1":"product","2":"type-product","3":"status-publish","5":"product_cat-handheld","7":"first","8":"instock","9":"shipping-taxable","10":"product-type-simple"},"acf":[],"_links":{"self":[{"href":"https:\/\/energizer.com\/lat\/puerto-rico\/wp-json\/wp\/v2\/product\/10381","targetHints":{"allow":["GET"]}}],"collection":[{"href":"https:\/\/energizer.com\/lat\/puerto-rico\/wp-json\/wp\/v2\/product"}],"about":[{"href":"https:\/\/energizer.com\/lat\/puerto-rico\/wp-json\/wp\/v2\/types\/product"}],"replies":[{"embeddable":true,"href":"https:\/\/energizer.com\/lat\/puerto-rico\/wp-json\/wp\/v2\/comments?post=10381"}],"version-history":[{"count":3,"href":"https:\/\/energizer.com\/lat\/puerto-rico\/wp-json\/wp\/v2\/product\/10381\/revisions"}],"predecessor-version":[{"id":10392,"href":"https:\/\/energizer.com\/lat\/puerto-rico\/wp-json\/wp\/v2\/product\/10381\/revisions\/10392"}],"wp:attachment":[{"href":"https:\/\/energizer.com\/lat\/puerto-rico\/wp-json\/wp\/v2\/media?parent=10381"}],"wp:term":[{"taxonomy":"product_brand","embeddable":true,"href":"https:\/\/energizer.com\/lat\/puerto-rico\/wp-json\/wp\/v2\/product_brand?post=10381"},{"taxonomy":"product_cat","embeddable":true,"href":"https:\/\/energizer.com\/lat\/puerto-rico\/wp-json\/wp\/v2\/product_cat?post=10381"},{"taxonomy":"product_tag","embeddable":true,"href":"https:\/\/energizer.com\/lat\/puerto-rico\/wp-json\/wp\/v2\/product_tag?post=10381"}],"curies":[{"name":"wp","href":"https:\/\/api.w.org\/{rel}","templated":true}]}}