{"id":4436,"date":"2024-05-16T12:09:21","date_gmt":"2024-05-16T12:09:21","guid":{"rendered":"https:\/\/c487eefeea.nxcli.io\/mexico\/?page_id=4436"},"modified":"2024-11-04T15:41:40","modified_gmt":"2024-11-04T15:41:40","slug":"recharge-battery-chargers","status":"publish","type":"page","link":"https:\/\/energizer.com\/lat\/venezuela\/power\/recharge-battery-chargers\/","title":{"rendered":"Recharge Battery Chargers"},"content":{"rendered":"\t\t<div data-elementor-type=\"wp-page\" data-elementor-id=\"4436\" class=\"elementor elementor-4436\" data-elementor-post-type=\"page\">\n\t\t\t\t<div class=\"elementor-element elementor-element-c97bf72 e-flex e-con-boxed e-con e-parent\" data-id=\"c97bf72\" data-element_type=\"container\" data-e-type=\"container\">\n\t\t\t\t\t<div class=\"e-con-inner\">\n\t\t\t\t<div class=\"elementor-element elementor-element-808c05d elementor-widget elementor-widget-image\" data-id=\"808c05d\" data-element_type=\"widget\" data-e-type=\"widget\" data-widget_type=\"image.default\">\n\t\t\t\t<div class=\"elementor-widget-container\">\n\t\t\t\t\t\t\t\t\t\t\t\t\t\t\t<img fetchpriority=\"high\" decoding=\"async\" width=\"1500\" height=\"650\" src=\"https:\/\/energizer.com\/lat\/venezuela\/wp-content\/uploads\/sites\/13\/2024\/08\/RECHARGE-SAVE-_-BUNNY.png\" class=\"attachment-full size-full wp-image-9933\" alt=\"ENR charger\" srcset=\"https:\/\/energizer.com\/lat\/venezuela\/wp-content\/uploads\/sites\/13\/2024\/08\/RECHARGE-SAVE-_-BUNNY.png 1500w, https:\/\/energizer.com\/lat\/venezuela\/wp-content\/uploads\/sites\/13\/2024\/08\/RECHARGE-SAVE-_-BUNNY-300x130.png 300w, https:\/\/energizer.com\/lat\/venezuela\/wp-content\/uploads\/sites\/13\/2024\/08\/RECHARGE-SAVE-_-BUNNY-1024x444.png 1024w, https:\/\/energizer.com\/lat\/venezuela\/wp-content\/uploads\/sites\/13\/2024\/08\/RECHARGE-SAVE-_-BUNNY-768x333.png 768w, https:\/\/energizer.com\/lat\/venezuela\/wp-content\/uploads\/sites\/13\/2024\/08\/RECHARGE-SAVE-_-BUNNY-600x260.png 600w\" sizes=\"(max-width: 1500px) 100vw, 1500px\" \/>\t\t\t\t\t\t\t\t\t\t\t\t\t\t\t<\/div>\n\t\t\t\t<\/div>\n\t\t<div class=\"elementor-element elementor-element-b3d6e3f e-flex e-con-boxed e-con e-child\" data-id=\"b3d6e3f\" data-element_type=\"container\" data-e-type=\"container\">\n\t\t\t\t\t<div class=\"e-con-inner\">\n\t\t<div class=\"elementor-element elementor-element-b078430 e-con-full e-flex e-con e-child\" data-id=\"b078430\" data-element_type=\"container\" data-e-type=\"container\">\n\t\t<div class=\"elementor-element elementor-element-23dce24 e-flex e-con-boxed e-con e-child\" data-id=\"23dce24\" data-element_type=\"container\" data-e-type=\"container\">\n\t\t\t\t\t<div class=\"e-con-inner\">\n\t\t\t\t<div class=\"elementor-element elementor-element-8899ec3 elementor-widget elementor-widget-image\" data-id=\"8899ec3\" data-element_type=\"widget\" data-e-type=\"widget\" data-widget_type=\"image.default\">\n\t\t\t\t<div class=\"elementor-widget-container\">\n\t\t\t\t\t\t\t\t\t\t\t\t\t\t\t<img decoding=\"async\" width=\"600\" height=\"400\" src=\"https:\/\/energizer.com\/lat\/venezuela\/wp-content\/uploads\/sites\/13\/2024\/08\/new-charger-group-images.png\" class=\"attachment-full size-full wp-image-9881\" alt=\"\" srcset=\"https:\/\/energizer.com\/lat\/venezuela\/wp-content\/uploads\/sites\/13\/2024\/08\/new-charger-group-images.png 600w, https:\/\/energizer.com\/lat\/venezuela\/wp-content\/uploads\/sites\/13\/2024\/08\/new-charger-group-images-300x200.png 300w\" sizes=\"(max-width: 600px) 100vw, 600px\" \/>\t\t\t\t\t\t\t\t\t\t\t\t\t\t\t<\/div>\n\t\t\t\t<\/div>\n\t\t\t\t\t<\/div>\n\t\t\t\t<\/div>\n\t\t<div class=\"elementor-element elementor-element-a0735c1 e-flex e-con-boxed e-con e-child\" data-id=\"a0735c1\" data-element_type=\"container\" data-e-type=\"container\">\n\t\t\t\t\t<div class=\"e-con-inner\">\n\t\t\t\t<div class=\"elementor-element elementor-element-d92d13e bestFor elementor-widget elementor-widget-text-editor\" data-id=\"d92d13e\" data-element_type=\"widget\" data-e-type=\"widget\" data-widget_type=\"text-editor.default\">\n\t\t\t\t<div class=\"elementor-widget-container\">\n\t\t\t\t\t\t\t\t\tCargadores de bater\u00edas Energizer Recharge\u00ae\t\t\t\t\t\t\t\t<\/div>\n\t\t\t\t<\/div>\n\t\t\t\t<div class=\"elementor-element elementor-element-5c4b7a4 elementor-widget elementor-widget-text-editor\" data-id=\"5c4b7a4\" data-element_type=\"widget\" data-e-type=\"widget\" data-widget_type=\"text-editor.default\">\n\t\t\t\t<div class=\"elementor-widget-container\">\n\t\t\t\t\t\t\t\t\t<p>Imagine no tener que comprar pilas constantemente. Con las bater\u00edas Energizer Recharge\u00ae, ahorrar\u00e1 dinero en bater\u00edas para su c\u00e1mara digital, dispositivo GPS, juguetes y sistema de juegos inal\u00e1mbrico, en comparaci\u00f3n con las bater\u00edas de un solo uso. Y con cargadores de pilas como nuestro cargador Energizer Recharge\u00ae Pro de alto rendimiento y el cargador Energizer Recharge\u00ae para cargas de 1 hora, sus pilas estar\u00e1n cargadas en un abrir y cerrar de ojos.<\/p>\t\t\t\t\t\t\t\t<\/div>\n\t\t\t\t<\/div>\n\t\t\t\t\t<\/div>\n\t\t\t\t<\/div>\n\t\t\t\t<\/div>\n\t\t\t\t\t<\/div>\n\t\t\t\t<\/div>\n\t\t<div class=\"elementor-element elementor-element-4f67399 e-flex e-con-boxed e-con e-child\" data-id=\"4f67399\" data-element_type=\"container\" data-e-type=\"container\">\n\t\t\t\t\t<div class=\"e-con-inner\">\n\t\t\t\t<div class=\"elementor-element elementor-element-0291602 elementor-hidden-mobile_extra elementor-hidden-mobile elementor-widget elementor-widget-image\" data-id=\"0291602\" data-element_type=\"widget\" data-e-type=\"widget\" data-widget_type=\"image.default\">\n\t\t\t\t<div class=\"elementor-widget-container\">\n\t\t\t\t\t\t\t\t\t\t\t\t\t\t\t<img decoding=\"async\" width=\"2048\" height=\"625\" src=\"https:\/\/energizer.com\/lat\/venezuela\/wp-content\/uploads\/sites\/13\/2024\/09\/WEB_CHARGER-2048x625-1.png\" class=\"attachment-full size-full wp-image-10045\" alt=\"WEB CHARGER Banner\" srcset=\"https:\/\/energizer.com\/lat\/venezuela\/wp-content\/uploads\/sites\/13\/2024\/09\/WEB_CHARGER-2048x625-1.png 2048w, https:\/\/energizer.com\/lat\/venezuela\/wp-content\/uploads\/sites\/13\/2024\/09\/WEB_CHARGER-2048x625-1-300x92.png 300w, https:\/\/energizer.com\/lat\/venezuela\/wp-content\/uploads\/sites\/13\/2024\/09\/WEB_CHARGER-2048x625-1-1024x313.png 1024w, https:\/\/energizer.com\/lat\/venezuela\/wp-content\/uploads\/sites\/13\/2024\/09\/WEB_CHARGER-2048x625-1-768x234.png 768w, https:\/\/energizer.com\/lat\/venezuela\/wp-content\/uploads\/sites\/13\/2024\/09\/WEB_CHARGER-2048x625-1-1536x469.png 1536w, https:\/\/energizer.com\/lat\/venezuela\/wp-content\/uploads\/sites\/13\/2024\/09\/WEB_CHARGER-2048x625-1-600x183.png 600w\" sizes=\"(max-width: 2048px) 100vw, 2048px\" \/>\t\t\t\t\t\t\t\t\t\t\t\t\t\t\t<\/div>\n\t\t\t\t<\/div>\n\t\t\t\t<div class=\"elementor-element elementor-element-e86972d elementor-hidden-widescreen elementor-hidden-desktop elementor-hidden-laptop elementor-hidden-tablet_extra elementor-hidden-tablet elementor-widget elementor-widget-image\" data-id=\"e86972d\" data-element_type=\"widget\" data-e-type=\"widget\" data-widget_type=\"image.default\">\n\t\t\t\t<div class=\"elementor-widget-container\">\n\t\t\t\t\t\t\t\t\t\t\t\t\t\t\t<img loading=\"lazy\" decoding=\"async\" width=\"1563\" height=\"1563\" src=\"https:\/\/energizer.com\/lat\/venezuela\/wp-content\/uploads\/sites\/13\/2024\/09\/WEB_CONTROL_SPANISH-Mobile.png\" class=\"attachment-full size-full wp-image-10046\" alt=\"WEB CONTROL Mobile\" srcset=\"https:\/\/energizer.com\/lat\/venezuela\/wp-content\/uploads\/sites\/13\/2024\/09\/WEB_CONTROL_SPANISH-Mobile.png 1563w, https:\/\/energizer.com\/lat\/venezuela\/wp-content\/uploads\/sites\/13\/2024\/09\/WEB_CONTROL_SPANISH-Mobile-300x300.png 300w, https:\/\/energizer.com\/lat\/venezuela\/wp-content\/uploads\/sites\/13\/2024\/09\/WEB_CONTROL_SPANISH-Mobile-1024x1024.png 1024w, https:\/\/energizer.com\/lat\/venezuela\/wp-content\/uploads\/sites\/13\/2024\/09\/WEB_CONTROL_SPANISH-Mobile-150x150.png 150w, https:\/\/energizer.com\/lat\/venezuela\/wp-content\/uploads\/sites\/13\/2024\/09\/WEB_CONTROL_SPANISH-Mobile-768x768.png 768w, https:\/\/energizer.com\/lat\/venezuela\/wp-content\/uploads\/sites\/13\/2024\/09\/WEB_CONTROL_SPANISH-Mobile-1536x1536.png 1536w, https:\/\/energizer.com\/lat\/venezuela\/wp-content\/uploads\/sites\/13\/2024\/09\/WEB_CONTROL_SPANISH-Mobile-600x600.png 600w, https:\/\/energizer.com\/lat\/venezuela\/wp-content\/uploads\/sites\/13\/2024\/09\/WEB_CONTROL_SPANISH-Mobile-100x100.png 100w\" sizes=\"(max-width: 1563px) 100vw, 1563px\" \/>\t\t\t\t\t\t\t\t\t\t\t\t\t\t\t<\/div>\n\t\t\t\t<\/div>\n\t\t\t\t\t<\/div>\n\t\t\t\t<\/div>\n\t\t<div class=\"elementor-element elementor-element-0546b89 e-flex e-con-boxed e-con e-child\" data-id=\"0546b89\" data-element_type=\"container\" data-e-type=\"container\">\n\t\t\t\t\t<div class=\"e-con-inner\">\n\t\t\t\t<div class=\"elementor-element elementor-element-e4ff77c elementor-widget elementor-widget-heading\" data-id=\"e4ff77c\" data-element_type=\"widget\" data-e-type=\"widget\" data-widget_type=\"heading.default\">\n\t\t\t\t<div class=\"elementor-widget-container\">\n\t\t\t\t\t<h2 class=\"elementor-heading-title elementor-size-default\">nuestro portafolio\n<\/h2>\t\t\t\t<\/div>\n\t\t\t\t<\/div>\n\t\t\t\t<div class=\"woocommerce elementor-element elementor-element-bf14d6b elementor-grid-3 elementor-grid-tablet-2 elementor-grid-mobile-1 elementor-widget elementor-widget-loop-grid\" data-id=\"bf14d6b\" data-element_type=\"widget\" data-e-type=\"widget\" data-settings=\"{&quot;_skin&quot;:&quot;product&quot;,&quot;template_id&quot;:&quot;1961&quot;,&quot;columns&quot;:&quot;3&quot;,&quot;columns_tablet&quot;:&quot;2&quot;,&quot;columns_mobile&quot;:&quot;1&quot;,&quot;edit_handle_selector&quot;:&quot;[data-elementor-type=\\&quot;loop-item\\&quot;]&quot;,&quot;row_gap&quot;:{&quot;unit&quot;:&quot;px&quot;,&quot;size&quot;:&quot;&quot;,&quot;sizes&quot;:[]},&quot;row_gap_widescreen&quot;:{&quot;unit&quot;:&quot;px&quot;,&quot;size&quot;:&quot;&quot;,&quot;sizes&quot;:[]},&quot;row_gap_laptop&quot;:{&quot;unit&quot;:&quot;px&quot;,&quot;size&quot;:&quot;&quot;,&quot;sizes&quot;:[]},&quot;row_gap_tablet_extra&quot;:{&quot;unit&quot;:&quot;px&quot;,&quot;size&quot;:&quot;&quot;,&quot;sizes&quot;:[]},&quot;row_gap_tablet&quot;:{&quot;unit&quot;:&quot;px&quot;,&quot;size&quot;:&quot;&quot;,&quot;sizes&quot;:[]},&quot;row_gap_mobile_extra&quot;:{&quot;unit&quot;:&quot;px&quot;,&quot;size&quot;:&quot;&quot;,&quot;sizes&quot;:[]},&quot;row_gap_mobile&quot;:{&quot;unit&quot;:&quot;px&quot;,&quot;size&quot;:&quot;&quot;,&quot;sizes&quot;:[]}}\" data-widget_type=\"loop-grid.product\">\n\t\t\t\t<div class=\"elementor-widget-container\">\n\t\t\t\t\t\t\t<div class=\"e-loop-nothing-found-message\">\n\t\t\t\t\t<div class=\"e-loop-nothing-found-message__text\">\n\t\t\t\tNo product found\t\t\t<\/div>\n\t\t\t<\/div>\n\t\t\t\t\t\t<\/div>\n\t\t\t\t<\/div>\n\t\t\t\t\t<\/div>\n\t\t\t\t<\/div>\n\t\t\t\t\t<\/div>\n\t\t\t\t<\/div>\n\t\t\t\t<\/div>\n\t\t","protected":false},"excerpt":{"rendered":"<p>Cargadores de bater\u00edas Energizer Recharge\u00ae Imagine no tener que comprar pilas constantemente. Con las bater\u00edas Energizer Recharge\u00ae, ahorrar\u00e1 dinero en bater\u00edas para su c\u00e1mara digital, dispositivo GPS, juguetes y sistema de juegos inal\u00e1mbrico, en comparaci\u00f3n con las bater\u00edas de un solo uso. Y con cargadores de pilas como nuestro cargador Energizer Recharge\u00ae Pro de alto [&hellip;]<\/p>\n","protected":false},"author":2,"featured_media":0,"parent":1003,"menu_order":0,"comment_status":"closed","ping_status":"closed","template":"elementor_header_footer","meta":{"_acf_changed":false,"footnotes":""},"class_list":["post-4436","page","type-page","status-publish","hentry"],"acf":[],"_links":{"self":[{"href":"https:\/\/energizer.com\/lat\/venezuela\/wp-json\/wp\/v2\/pages\/4436","targetHints":{"allow":["GET"]}}],"collection":[{"href":"https:\/\/energizer.com\/lat\/venezuela\/wp-json\/wp\/v2\/pages"}],"about":[{"href":"https:\/\/energizer.com\/lat\/venezuela\/wp-json\/wp\/v2\/types\/page"}],"author":[{"embeddable":true,"href":"https:\/\/energizer.com\/lat\/venezuela\/wp-json\/wp\/v2\/users\/2"}],"replies":[{"embeddable":true,"href":"https:\/\/energizer.com\/lat\/venezuela\/wp-json\/wp\/v2\/comments?post=4436"}],"version-history":[{"count":46,"href":"https:\/\/energizer.com\/lat\/venezuela\/wp-json\/wp\/v2\/pages\/4436\/revisions"}],"predecessor-version":[{"id":10448,"href":"https:\/\/energizer.com\/lat\/venezuela\/wp-json\/wp\/v2\/pages\/4436\/revisions\/10448"}],"up":[{"embeddable":true,"href":"https:\/\/energizer.com\/lat\/venezuela\/wp-json\/wp\/v2\/pages\/1003"}],"wp:attachment":[{"href":"https:\/\/energizer.com\/lat\/venezuela\/wp-json\/wp\/v2\/media?parent=4436"}],"curies":[{"name":"wp","href":"https:\/\/api.w.org\/{rel}","templated":true}]}}