{"id":10358,"date":"2024-09-12T04:55:28","date_gmt":"2024-09-12T04:55:28","guid":{"rendered":"https:\/\/energizer.com\/lat\/venezuela\/?post_type=product&#038;p=10358"},"modified":"2024-09-12T04:55:28","modified_gmt":"2024-09-12T04:55:28","slug":"energizer-latern-500","status":"publish","type":"product","link":"https:\/\/energizer.com\/lat\/venezuela\/product\/energizer-latern-500\/","title":{"rendered":"Energizer Latern 500"},"content":{"rendered":"<ul>\n<li>La linterna de emergencia LED Energizer funciona con 3 bater\u00edas Energizer MAX D para m\u00e1xima potencia o 3 bater\u00edas Energizer MAX AA para menor potencia (bater\u00edas no incluidas)<\/li>\n<li>Emite hasta 500 l\u00famenes* en modo alto, brindando una visibilidad clara y brillante para una variedad de tareas, desde acampar durante la noche hasta apagones durante tormentas o trabajar en la casa<\/li>\n<li>Cambia entre 3 configuraciones de modo de luz: Modo alto, bajo y luz nocturna con solo hacer clic en un bot\u00f3n que brilla en la oscuridad<\/li>\n<li>Funciona hasta 650 horas en modo bajo para una luz port\u00e1til que dura mucho tiempo<\/li>\n<li>Duradera y resistente, la construcci\u00f3n resistente al agua soporta salpicaduras<\/li>\n<li>Proporciona 360\u00b0 de iluminaci\u00f3n extraordinaria que llena la habitaci\u00f3n en interiores con solo presionar su bot\u00f3n que brilla en la oscuridad<\/li>\n<\/ul>\n","protected":false},"excerpt":{"rendered":"<p>La linterna de emergencia LED Energizer funciona con 3 bater\u00edas Energizer MAX D para m\u00e1xima potencia o 3 bater\u00edas Energizer MAX AA para menor potencia (bater\u00edas no incluidas) Emite hasta 500 l\u00famenes* en modo alto, brindando una visibilidad clara y brillante para una variedad de tareas, desde acampar durante la noche hasta apagones durante tormentas [&hellip;]<\/p>\n","protected":false},"featured_media":0,"comment_status":"open","ping_status":"closed","template":"","meta":{"_acf_changed":false},"product_brand":[],"product_cat":[44],"product_tag":[],"class_list":{"0":"post-10358","1":"product","2":"type-product","3":"status-publish","5":"product_cat-area","7":"first","8":"instock","9":"shipping-taxable","10":"product-type-simple"},"acf":[],"_links":{"self":[{"href":"https:\/\/energizer.com\/lat\/venezuela\/wp-json\/wp\/v2\/product\/10358","targetHints":{"allow":["GET"]}}],"collection":[{"href":"https:\/\/energizer.com\/lat\/venezuela\/wp-json\/wp\/v2\/product"}],"about":[{"href":"https:\/\/energizer.com\/lat\/venezuela\/wp-json\/wp\/v2\/types\/product"}],"replies":[{"embeddable":true,"href":"https:\/\/energizer.com\/lat\/venezuela\/wp-json\/wp\/v2\/comments?post=10358"}],"version-history":[{"count":1,"href":"https:\/\/energizer.com\/lat\/venezuela\/wp-json\/wp\/v2\/product\/10358\/revisions"}],"predecessor-version":[{"id":10359,"href":"https:\/\/energizer.com\/lat\/venezuela\/wp-json\/wp\/v2\/product\/10358\/revisions\/10359"}],"wp:attachment":[{"href":"https:\/\/energizer.com\/lat\/venezuela\/wp-json\/wp\/v2\/media?parent=10358"}],"wp:term":[{"taxonomy":"product_brand","embeddable":true,"href":"https:\/\/energizer.com\/lat\/venezuela\/wp-json\/wp\/v2\/product_brand?post=10358"},{"taxonomy":"product_cat","embeddable":true,"href":"https:\/\/energizer.com\/lat\/venezuela\/wp-json\/wp\/v2\/product_cat?post=10358"},{"taxonomy":"product_tag","embeddable":true,"href":"https:\/\/energizer.com\/lat\/venezuela\/wp-json\/wp\/v2\/product_tag?post=10358"}],"curies":[{"name":"wp","href":"https:\/\/api.w.org\/{rel}","templated":true}]}}