{"id":10360,"date":"2024-09-12T04:57:39","date_gmt":"2024-09-12T04:57:39","guid":{"rendered":"https:\/\/energizer.com\/lat\/venezuela\/?post_type=product&#038;p=10360"},"modified":"2024-09-12T04:57:39","modified_gmt":"2024-09-12T04:57:39","slug":"energizer-hard-case-professional-2aa-handheld-torch","status":"publish","type":"product","link":"https:\/\/energizer.com\/lat\/venezuela\/product\/energizer-hard-case-professional-2aa-handheld-torch\/","title":{"rendered":"Energizer Hard Case Professional 2AA Handheld Torch"},"content":{"rendered":"<ul>\n<li>Perfecto para trabajos de cerca<\/li>\n<li>Extremadamente resistente a los impactos<\/li>\n<li>Sobrevive a una ca\u00edda de 7 metros<\/li>\n<li>\u00d3pticas dise\u00f1adas a medida y tecnolog\u00eda LED de alto rendimiento<\/li>\n<li>Resistente al agua<\/li>\n<li>Lente irrompible<\/li>\n<li>Muy duradero &amp; robusto<\/li>\n<li>2 pilas alcalinas AA incluidas<\/li>\n<\/ul>\n","protected":false},"excerpt":{"rendered":"<p>Perfecto para trabajos de cerca Extremadamente resistente a los impactos Sobrevive a una ca\u00edda de 7 metros \u00d3pticas dise\u00f1adas a medida y tecnolog\u00eda LED de alto rendimiento Resistente al agua Lente irrompible Muy duradero &amp; robusto 2 pilas alcalinas AA incluidas<\/p>\n","protected":false},"featured_media":0,"comment_status":"open","ping_status":"closed","template":"","meta":{"_acf_changed":false},"product_brand":[],"product_cat":[97],"product_tag":[],"class_list":{"0":"post-10360","1":"product","2":"type-product","3":"status-publish","5":"product_cat-handheld","7":"first","8":"instock","9":"shipping-taxable","10":"product-type-simple"},"acf":[],"_links":{"self":[{"href":"https:\/\/energizer.com\/lat\/venezuela\/wp-json\/wp\/v2\/product\/10360","targetHints":{"allow":["GET"]}}],"collection":[{"href":"https:\/\/energizer.com\/lat\/venezuela\/wp-json\/wp\/v2\/product"}],"about":[{"href":"https:\/\/energizer.com\/lat\/venezuela\/wp-json\/wp\/v2\/types\/product"}],"replies":[{"embeddable":true,"href":"https:\/\/energizer.com\/lat\/venezuela\/wp-json\/wp\/v2\/comments?post=10360"}],"version-history":[{"count":1,"href":"https:\/\/energizer.com\/lat\/venezuela\/wp-json\/wp\/v2\/product\/10360\/revisions"}],"predecessor-version":[{"id":10361,"href":"https:\/\/energizer.com\/lat\/venezuela\/wp-json\/wp\/v2\/product\/10360\/revisions\/10361"}],"wp:attachment":[{"href":"https:\/\/energizer.com\/lat\/venezuela\/wp-json\/wp\/v2\/media?parent=10360"}],"wp:term":[{"taxonomy":"product_brand","embeddable":true,"href":"https:\/\/energizer.com\/lat\/venezuela\/wp-json\/wp\/v2\/product_brand?post=10360"},{"taxonomy":"product_cat","embeddable":true,"href":"https:\/\/energizer.com\/lat\/venezuela\/wp-json\/wp\/v2\/product_cat?post=10360"},{"taxonomy":"product_tag","embeddable":true,"href":"https:\/\/energizer.com\/lat\/venezuela\/wp-json\/wp\/v2\/product_tag?post=10360"}],"curies":[{"name":"wp","href":"https:\/\/api.w.org\/{rel}","templated":true}]}}