{"id":10362,"date":"2024-09-12T05:00:13","date_gmt":"2024-09-12T05:00:13","guid":{"rendered":"https:\/\/energizer.com\/lat\/venezuela\/?post_type=product&#038;p=10362"},"modified":"2024-09-12T05:00:13","modified_gmt":"2024-09-12T05:00:13","slug":"energizer-head-torch-vision-headlight","status":"publish","type":"product","link":"https:\/\/energizer.com\/lat\/venezuela\/product\/energizer-head-torch-vision-headlight\/","title":{"rendered":"Energizer Head Torch, Vision Headlight"},"content":{"rendered":"<ul>\n<li>Faro delantero Energizer Vision con 3 LED y banda el\u00e1stica ajustable para la cabeza, 3 pilas alcalinas AAA incluidas<\/li>\n<li>Tecnolog\u00eda LED: Esta potente linterna de cabeza LED de 200 l\u00famenes tiene un impresionante alcance de 50 metros<\/li>\n<li>Construcci\u00f3n duradera: Ideal para un uso prolongado, esta duradera linterna de cabeza resiste la prueba de ca\u00edda desde 1 metro y cuenta con una lente irrompible<\/li>\n<li>Luz manos libres vers\u00e1til: La l\u00e1mpara manos libres, compacta y f\u00e1cil de usar te cubre en caso de cortes de energ\u00eda, bricolaje y m\u00e1s<br \/>\nDise\u00f1o pr\u00e1ctico: Luz directa donde la necesites con esta linterna frontal liviana y resistente al agua, que ofrece un ajuste firme con una diadema ajustable y una c\u00f3moda almohadilla<\/li>\n<li>Horas de duraci\u00f3n: Este faro duradero y eficaz puede brillar hasta 7 horas en modo alto<\/li>\n<li>Energ\u00eda confiable: Conf\u00ede en Energizer para ofrecer el potente rendimiento que prometemos: todas las luces Energizer se prueban y cumplen con los est\u00e1ndares ANSI estrictos y confiables<\/li>\n<\/ul>\n","protected":false},"excerpt":{"rendered":"<p>Faro delantero Energizer Vision con 3 LED y banda el\u00e1stica ajustable para la cabeza, 3 pilas alcalinas AAA incluidas Tecnolog\u00eda LED: Esta potente linterna de cabeza LED de 200 l\u00famenes tiene un impresionante alcance de 50 metros Construcci\u00f3n duradera: Ideal para un uso prolongado, esta duradera linterna de cabeza resiste la prueba de ca\u00edda desde [&hellip;]<\/p>\n","protected":false},"featured_media":0,"comment_status":"open","ping_status":"closed","template":"","meta":{"_acf_changed":false},"product_brand":[],"product_cat":[43],"product_tag":[],"class_list":{"0":"post-10362","1":"product","2":"type-product","3":"status-publish","5":"product_cat-hands-free","7":"first","8":"instock","9":"shipping-taxable","10":"product-type-simple"},"acf":[],"_links":{"self":[{"href":"https:\/\/energizer.com\/lat\/venezuela\/wp-json\/wp\/v2\/product\/10362","targetHints":{"allow":["GET"]}}],"collection":[{"href":"https:\/\/energizer.com\/lat\/venezuela\/wp-json\/wp\/v2\/product"}],"about":[{"href":"https:\/\/energizer.com\/lat\/venezuela\/wp-json\/wp\/v2\/types\/product"}],"replies":[{"embeddable":true,"href":"https:\/\/energizer.com\/lat\/venezuela\/wp-json\/wp\/v2\/comments?post=10362"}],"version-history":[{"count":2,"href":"https:\/\/energizer.com\/lat\/venezuela\/wp-json\/wp\/v2\/product\/10362\/revisions"}],"predecessor-version":[{"id":10364,"href":"https:\/\/energizer.com\/lat\/venezuela\/wp-json\/wp\/v2\/product\/10362\/revisions\/10364"}],"wp:attachment":[{"href":"https:\/\/energizer.com\/lat\/venezuela\/wp-json\/wp\/v2\/media?parent=10362"}],"wp:term":[{"taxonomy":"product_brand","embeddable":true,"href":"https:\/\/energizer.com\/lat\/venezuela\/wp-json\/wp\/v2\/product_brand?post=10362"},{"taxonomy":"product_cat","embeddable":true,"href":"https:\/\/energizer.com\/lat\/venezuela\/wp-json\/wp\/v2\/product_cat?post=10362"},{"taxonomy":"product_tag","embeddable":true,"href":"https:\/\/energizer.com\/lat\/venezuela\/wp-json\/wp\/v2\/product_tag?post=10362"}],"curies":[{"name":"wp","href":"https:\/\/api.w.org\/{rel}","templated":true}]}}