{"id":10369,"date":"2024-09-12T05:07:02","date_gmt":"2024-09-12T05:07:02","guid":{"rendered":"https:\/\/energizer.com\/lat\/venezuela\/?post_type=product&#038;p=10369"},"modified":"2024-09-12T05:07:02","modified_gmt":"2024-09-12T05:07:02","slug":"energizer-pawpatrol-dark-blue","status":"publish","type":"product","link":"https:\/\/energizer.com\/lat\/venezuela\/product\/energizer-pawpatrol-dark-blue\/","title":{"rendered":"Energizer PAWPATROL DARK BLUE"},"content":{"rendered":"<ul>\n<li>Linterna LED Energizer PAW Patrol con dos (2) bater\u00edas Energizer MAX AAA<\/li>\n<li>Linterna peque\u00f1a para ni\u00f1os con simp\u00e1tico dise\u00f1o de PAW Patrol<\/li>\n<li>Los ni\u00f1os exploran el aire libre y se divierten en el interior con linternas para ni\u00f1os<\/li>\n<li>Emite un brillo suave que brilla hasta por 72 horas<\/li>\n<li>Linterna de pl\u00e1stico de PAW Patrol con lente irrompible y cuerpo resistente a impactos de hasta 3 pies<\/li>\n<li>La linterna para ni\u00f1os con agarre c\u00f3modo cabe f\u00e1cilmente en las manos de los ni\u00f1os<\/li>\n<li>Conf\u00ede en Energizer para obtener un rendimiento confiable en cualquier situaci\u00f3n<\/li>\n<\/ul>\n","protected":false},"excerpt":{"rendered":"<p>Linterna LED Energizer PAW Patrol con dos (2) bater\u00edas Energizer MAX AAA Linterna peque\u00f1a para ni\u00f1os con simp\u00e1tico dise\u00f1o de PAW Patrol Los ni\u00f1os exploran el aire libre y se divierten en el interior con linternas para ni\u00f1os Emite un brillo suave que brilla hasta por 72 horas Linterna de pl\u00e1stico de PAW Patrol con [&hellip;]<\/p>\n","protected":false},"featured_media":0,"comment_status":"open","ping_status":"closed","template":"","meta":{"_acf_changed":false},"product_brand":[],"product_cat":[97,45],"product_tag":[],"class_list":{"0":"post-10369","1":"product","2":"type-product","3":"status-publish","5":"product_cat-handheld","6":"product_cat-novelty","8":"first","9":"instock","10":"shipping-taxable","11":"product-type-simple"},"acf":[],"_links":{"self":[{"href":"https:\/\/energizer.com\/lat\/venezuela\/wp-json\/wp\/v2\/product\/10369","targetHints":{"allow":["GET"]}}],"collection":[{"href":"https:\/\/energizer.com\/lat\/venezuela\/wp-json\/wp\/v2\/product"}],"about":[{"href":"https:\/\/energizer.com\/lat\/venezuela\/wp-json\/wp\/v2\/types\/product"}],"replies":[{"embeddable":true,"href":"https:\/\/energizer.com\/lat\/venezuela\/wp-json\/wp\/v2\/comments?post=10369"}],"version-history":[{"count":1,"href":"https:\/\/energizer.com\/lat\/venezuela\/wp-json\/wp\/v2\/product\/10369\/revisions"}],"predecessor-version":[{"id":10370,"href":"https:\/\/energizer.com\/lat\/venezuela\/wp-json\/wp\/v2\/product\/10369\/revisions\/10370"}],"wp:attachment":[{"href":"https:\/\/energizer.com\/lat\/venezuela\/wp-json\/wp\/v2\/media?parent=10369"}],"wp:term":[{"taxonomy":"product_brand","embeddable":true,"href":"https:\/\/energizer.com\/lat\/venezuela\/wp-json\/wp\/v2\/product_brand?post=10369"},{"taxonomy":"product_cat","embeddable":true,"href":"https:\/\/energizer.com\/lat\/venezuela\/wp-json\/wp\/v2\/product_cat?post=10369"},{"taxonomy":"product_tag","embeddable":true,"href":"https:\/\/energizer.com\/lat\/venezuela\/wp-json\/wp\/v2\/product_tag?post=10369"}],"curies":[{"name":"wp","href":"https:\/\/api.w.org\/{rel}","templated":true}]}}